{"id":3,"date":"2023-11-26T16:35:02","date_gmt":"2023-11-26T16:35:02","guid":{"rendered":"http:\/\/magicshop.pro\/?page_id=3"},"modified":"2024-09-12T12:38:23","modified_gmt":"2024-09-12T11:38:23","slug":"privacy-policy","status":"publish","type":"page","link":"https:\/\/magicshop.pro\/sl\/privacy-policy\/","title":{"rendered":"Privacy Policy"},"content":{"rendered":"<h2 class=\"wp-block-heading has-theme-palette-1-color has-text-color has-link-color wp-elements-7b3bf6246804b9c4d93df699c5ccc62b\">Kdo smo mi<\/h2><p><strong class=\"privacy-policy-tutorial\"> <\/strong>Our website address is: http:\/\/magicshop.pro<\/p><h2 class=\"wp-block-heading has-theme-palette-1-color has-text-color has-link-color wp-elements-dc6090a5c19b77b2007ba194566c2ace\">Komentarji<\/h2><p>Ko obiskovalci pustijo komentarje na spletnem mestu, zbiramo podatke, ki so prikazani v obrazcu za komentarje, prav tako pa tudi obiskoval\u010dev IP naslov in niz uporabni\u0161kega agenta brskalnika za pomo\u010d pri zaznavanju ne\u017eelene po\u0161te.<\/p><p>An anonymized string created from your email address (also called a hash) may be provided to the Gravatar service to see if you are using it. The Gravatar service privacy policy is available here: https:\/\/automattic.com\/privacy\/. After approval of your comment, your profile picture is visible to the public in the context of your comment.<\/p><h2 class=\"wp-block-heading has-theme-palette-1-color has-text-color has-link-color wp-elements-8c0b21ace3b3b7be46b151f0971edb2f\">Mediji<\/h2><p>\u010ce na spletno mesto nalo\u017eite slike, se morate izogibati nalaganju slik z vklju\u010denimi vgrajenimi podatki o lokaciji (EXIF GPS). Obiskovalci spletnega mesta lahko prenesejo in pridobijo kakr\u0161ne koli podatke o lokaciji iz slik na spletnem mestu.<\/p><h2 class=\"wp-block-heading has-theme-palette-1-color has-text-color has-link-color wp-elements-72a04864f57a3b02cc72498f747cce6f\">Spletni pi\u0161kotki<\/h2><p>\u010ce na na\u0161em spletnem mestu pustite komentar, lahko izberete mo\u017enost shranjevanja va\u0161ega imena, e-po\u0161tnega naslova in spletnega mesta v pi\u0161kotke. To je za va\u0161o priro\u010dnost, da vam ob naslednjem komentarju ne bo treba ponovno vna\u0161ati svojih podatkov. Ti pi\u0161kotki bodo shranjeni eno leto.<\/p><p>\u010ce obi\u0161\u010dete na\u0161o prijavno stran, bomo nastavili za\u010dasni pi\u0161kotek, da ugotovimo, ali va\u0161 brskalnik sprejema pi\u0161kotke. Ta pi\u0161kotek ne vsebuje osebnih podatkov in se izbri\u0161e, ko zaprete brskalnik.<\/p><p>Ko se prijavite, bomo nastavili ve\u010d pi\u0161kotkov za shranjevanje va\u0161ih prijavnih podatkov in izbire prikaza zaslona. Pi\u0161kotki za prijavo trajajo dva dni, pi\u0161kotki za mo\u017enosti zaslona pa eno leto. \u010ce izberete mo\u017enost \"Zapomni si me\", bo va\u0161a prijava veljavna dva tedna. \u010ce se odjavite iz svojega ra\u010duna, bodo pi\u0161kotki za prijavo odstranjeni.<\/p><p>\u010ce uredite ali objavite \u010dlanek, bo v va\u0161em brskalniku shranjen dodatni pi\u0161kotek. Ta pi\u0161kotek ne vsebuje osebnih podatkov in preprosto ozna\u010duje ID objave \u010dlanka, ki ste ga pravkar uredili. Pi\u0161kotek pote\u010de po enem dnevu.<\/p><h2 class=\"wp-block-heading has-theme-palette-1-color has-text-color has-link-color wp-elements-b0345884cb0e54d948151d37abde1798\">Vdelana vsebina iz drugih spletnih mest<\/h2><p>\u010clanki na tej spletni strani lahko vklju\u010dujejo vdelano vsebino (npr. videoposnetke, slike, \u010dlanke ipd.). Vdelana vsebina iz drugih spletnih mest se obna\u0161a enako, kot \u010de bi obiskovalec obiskal drugo spletno mesto.<\/p><p>Ta spletna mesta lahko zbirajo podatke o vas, uporabljajo pi\u0161kotke, vklju\u010dujejo dodatno sledenje tretjih oseb in spremljajo va\u0161o interakcijo z vdelano vsebino, vklju\u010dno s sledenjem interakciji, \u010de imate ra\u010dun in ste prijavljeni na to spletno mesto.<\/p><h2 class=\"wp-block-heading has-theme-palette-1-color has-text-color has-link-color wp-elements-6fc412530952767714c77d8a01a684d5\">S kom delimo va\u0161e podatke<\/h2><p>\u010ce zahtevate ponastavitev gesla, bo va\u0161 IP naslov vklju\u010den v e-po\u0161to za ponastavitev.<\/p><h2 class=\"wp-block-heading has-theme-palette-1-color has-text-color has-link-color wp-elements-2a9ff50b367b9b9810601b0d4189e37d\">Kako dolgo hranimo va\u0161e podatke<\/h2><p>\u010ce pustite komentar, se komentar in njegovi metapodatki hranijo za nedolo\u010den \u010das. To storimo zato, da lahko avtomatsko prepoznamo in odobrimo nadaljnje komentarje namesto, da jih dr\u017eimo v moderacijski vrsti.<\/p><p>Za uporabnike, ki se registrirajo na na\u0161i spletni strani (\u010de obstajajo), hranimo tudi osebne podatke, ki so jih navedli v svojem uporabni\u0161kem profilu. Vsi uporabniki lahko kadarkoli vidijo, urejajo ali izbri\u0161ejo svoje osebne podatke (razen uporabni\u0161kega imena, ki ga ne morejo spremeniti). Skrbniki spletnega mesta lahko prav tako vidijo in urejajo te informacije.<\/p><h2 class=\"wp-block-heading has-theme-palette-1-color has-text-color has-link-color wp-elements-38389a9dd1cbe8824aea219e51d0abe1\">Kak\u0161ne pravice imate glede va\u0161ih podatkov<\/h2><p><strong class=\"privacy-policy-tutorial\"> <\/strong>\u010ce imate ra\u010dun na tej spletni strani ali ste pustili komentarje, lahko zahtevate, da vam po\u0161ljemo izvozno datoteko z va\u0161imi osebnimi podatki, ki jih hranimo, vklju\u010dno s podatki, ki ste nam jih posredovali. Prav tako lahko zahtevate, da izbri\u0161emo vse osebne podatke, ki jih hranimo o vas. To ne vklju\u010duje podatkov, ki smo jih dol\u017eni hraniti zaradi administrativnih, pravnih ali varnostnih razlogov.<\/p><h2 class=\"wp-block-heading has-theme-palette-1-color has-text-color has-link-color wp-elements-4f756212620bbddd798f98b7665d8241\">Kam se po\u0161iljajo va\u0161i podatki<\/h2><p>Komentarji obiskovalcev se lahko preverjajo prek avtomatizirane storitve za zaznavanje ne\u017eelene po\u0161te.<\/p><p><\/p>","protected":false},"excerpt":{"rendered":"<p>Who we are Our website address is: http:\/\/magicshop.pro Comments When visitors leave comments on the site we collect the data shown in the comments form, and also the visitor\u2019s IP address and browser user agent string to help spam detection. An anonymized string created from your email address (also called a hash) may be provided&#8230;<\/p>","protected":false},"author":1,"featured_media":0,"parent":0,"menu_order":0,"comment_status":"closed","ping_status":"open","template":"","meta":{"_kad_post_transparent":"","_kad_post_title":"","_kad_post_layout":"","_kad_post_sidebar_id":"","_kad_post_content_style":"","_kad_post_vertical_padding":"","_kad_post_feature":"","_kad_post_feature_position":"","_kad_post_header":false,"_kad_post_footer":false,"footnotes":""},"folder":[],"class_list":["post-3","page","type-page","status-publish","hentry"],"_links":{"self":[{"href":"https:\/\/magicshop.pro\/sl\/wp-json\/wp\/v2\/pages\/3"}],"collection":[{"href":"https:\/\/magicshop.pro\/sl\/wp-json\/wp\/v2\/pages"}],"about":[{"href":"https:\/\/magicshop.pro\/sl\/wp-json\/wp\/v2\/types\/page"}],"author":[{"embeddable":true,"href":"https:\/\/magicshop.pro\/sl\/wp-json\/wp\/v2\/users\/1"}],"replies":[{"embeddable":true,"href":"https:\/\/magicshop.pro\/sl\/wp-json\/wp\/v2\/comments?post=3"}],"version-history":[{"count":3,"href":"https:\/\/magicshop.pro\/sl\/wp-json\/wp\/v2\/pages\/3\/revisions"}],"predecessor-version":[{"id":1024,"href":"https:\/\/magicshop.pro\/sl\/wp-json\/wp\/v2\/pages\/3\/revisions\/1024"}],"wp:attachment":[{"href":"https:\/\/magicshop.pro\/sl\/wp-json\/wp\/v2\/media?parent=3"}],"wp:term":[{"taxonomy":"folder","embeddable":true,"href":"https:\/\/magicshop.pro\/sl\/wp-json\/wp\/v2\/folder?post=3"}],"curies":[{"name":"wp","href":"https:\/\/api.w.org\/{rel}","templated":true}]}}