{"id":382,"date":"2024-03-27T17:42:59","date_gmt":"2024-03-27T17:42:59","guid":{"rendered":"http:\/\/magicshop.pro\/?post_type=product&#038;p=382"},"modified":"2024-07-10T10:26:27","modified_gmt":"2024-07-10T10:26:27","slug":"divje-figure","status":"publish","type":"product","link":"https:\/\/magicshop.pro\/sl\/izdelek\/divje-figure\/","title":{"rendered":"Divje figure"},"content":{"rendered":"<p>Fantasti\u010dno prepri\u010dljiv trik s \u0161tirimi kartami, ki se iz slik (kraljev) spremenijo v \u0161tevil\u010dne karte (sedmice). Trik, ki ga boste lahko tudi z zelo malo vaje odli\u010dno prikazali v va\u0161i dru\u017ebi. Zahtevnost trika: nizka*<\/p>\n<p><iframe loading=\"lazy\" src=\"https:\/\/www.youtube.com\/embed\/0VBs9eIT-L0\" width=\"640\" height=\"420\"><\/p>\n<p><\/iframe><\/p>","protected":false},"excerpt":{"rendered":"<p>Fantasti\u010dno prepri\u010dljiv trik s \u0161tirimi kartami, ki se iz slik (kraljev) spremenijo v \u0161tevil\u010dne karte (sedmice). Trik, ki ga boste lahko tudi z zelo malo vaje odli\u010dno prikazali v va\u0161i dru\u017ebi. Zahtevnost trika: nizka*<\/p>","protected":false},"featured_media":692,"comment_status":"closed","ping_status":"closed","template":"","meta":{"_kad_post_transparent":"default","_kad_post_title":"","_kad_post_layout":"default","_kad_post_sidebar_id":"","_kad_post_content_style":"default","_kad_post_vertical_padding":"default","_kad_post_feature":"","_kad_post_feature_position":"","_kad_post_header":false,"_kad_post_footer":false},"product_cat":[29,27,36,19],"product_tag":[],"class_list":{"0":"post-382","1":"product","2":"type-product","3":"status-publish","4":"has-post-thumbnail","6":"product_cat-novosti","7":"product_cat-magicshop-produkti","8":"product_cat-karte-close-up","9":"product_cat-kartomagija","11":"first","12":"instock","13":"shipping-taxable","14":"purchasable","15":"product-type-simple","16":"entry","17":"content-bg","18":"loop-entry"},"_links":{"self":[{"href":"https:\/\/magicshop.pro\/sl\/wp-json\/wp\/v2\/product\/382"}],"collection":[{"href":"https:\/\/magicshop.pro\/sl\/wp-json\/wp\/v2\/product"}],"about":[{"href":"https:\/\/magicshop.pro\/sl\/wp-json\/wp\/v2\/types\/product"}],"replies":[{"embeddable":true,"href":"https:\/\/magicshop.pro\/sl\/wp-json\/wp\/v2\/comments?post=382"}],"wp:featuredmedia":[{"embeddable":true,"href":"https:\/\/magicshop.pro\/sl\/wp-json\/wp\/v2\/media\/692"}],"wp:attachment":[{"href":"https:\/\/magicshop.pro\/sl\/wp-json\/wp\/v2\/media?parent=382"}],"wp:term":[{"taxonomy":"product_cat","embeddable":true,"href":"https:\/\/magicshop.pro\/sl\/wp-json\/wp\/v2\/product_cat?post=382"},{"taxonomy":"product_tag","embeddable":true,"href":"https:\/\/magicshop.pro\/sl\/wp-json\/wp\/v2\/product_tag?post=382"}],"curies":[{"name":"wp","href":"https:\/\/api.w.org\/{rel}","templated":true}]}}