{"id":384,"date":"2024-03-27T17:43:00","date_gmt":"2024-03-27T17:43:00","guid":{"rendered":"http:\/\/magicshop.pro\/?post_type=product&#038;p=384"},"modified":"2024-07-10T13:44:52","modified_gmt":"2024-07-10T13:44:52","slug":"hypno-yebiwetter","status":"publish","type":"product","link":"https:\/\/magicshop.pro\/sl\/izdelek\/hypno-yebiwetter\/","title":{"rendered":"Hypno Yebiwetter"},"content":{"rendered":"<p>Gledalec si izbere karto in se nanjo eventuelno tudi podpi\u0161e. \u010carovnik predstavi hypno rotor karto (potiskano z obeh strani z v spiralo oblikovanimi pikami). Ena stran za koncentracijo, druga za spro\u0161\u010danje. Nato predstavi \u0161e pogonski motor: Hypno Yebiwetter, sestavljen iz dveh aziatskih jedilnih pal\u010dk. V eni je \u017eeblji\u010dek, na katerega natakne hipno rotor. Ko ga po\u017eene (z drgnjenjem druge pal\u010dke po prvi - nazob\u010dani), potujejo linije v center - torej za koncentracijo. Nato ta rotor obrne na drugo stran in linije potujejo navzven - za spro\u0161\u010danje. Kon\u010dno ga po\u017eene tako hitro, da se ve\u010d ne lo\u010di ali gredo linije navznoter ali navzven. Potem pa se po\u010dasi vrtenje ustavi in pike so se spremenile v izbrano (in eventuelno podpisano) karto. Video je samo reklamnega zna\u010daja in je tak, kakor trik vidi lai\u010dna publika...<\/p>\n<p><iframe loading=\"lazy\" src=\"https:\/\/www.youtube.com\/embed\/aZIP0jHMWrI\" width=\"640\" height=\"420\"><\/p>\n<p><\/iframe><\/p>","protected":false},"excerpt":{"rendered":"<p>Gledalec si izbere karto in se nanjo eventuelno tudi podpi\u0161e. \u010carovnik predstavi hypno rotor karto (potiskano z obeh strani z v spiralo oblikovanimi pikami). Ena stran za koncentracijo, druga za spro\u0161\u010danje. Nato predstavi \u0161e pogonski motor: Hypno Yebiwetter, sestavljen iz dveh aziatskih jedilnih pal\u010dk. V eni je \u017eeblji\u010dek, na katerega natakne hipno rotor. Ko ga po\u017eene (z drgnjenjem druge pal\u010dke po prvi - nazob\u010dani), potujejo linije v center - torej za koncentracijo. Nato ta rotor obrne na drugo stran in linije potujejo navzven - za spro\u0161\u010danje. Kon\u010dno ga po\u017eene tako hitro, da se ve\u010d ne lo\u010di ali gredo linije navznoter ali navzven. Potem pa se po\u010dasi vrtenje ustavi in pike so se spremenile v izbrano (in eventuelno podpisano) karto. Video je samo reklamnega zna\u010daja in je tak, kakor trik vidi lai\u010dna publika...<\/p>","protected":false},"featured_media":595,"comment_status":"closed","ping_status":"closed","template":"","meta":{"_kad_post_transparent":"default","_kad_post_title":"","_kad_post_layout":"default","_kad_post_sidebar_id":"","_kad_post_content_style":"default","_kad_post_vertical_padding":"default","_kad_post_feature":"","_kad_post_feature_position":"","_kad_post_header":false,"_kad_post_footer":false,"_kad_post_classname":""},"product_brand":[],"product_cat":[19,36,27,29],"product_tag":[],"class_list":{"0":"post-384","1":"product","2":"type-product","3":"status-publish","4":"has-post-thumbnail","6":"product_cat-kartomagija","7":"product_cat-karte-close-up","8":"product_cat-magicshop-produkti","9":"product_cat-novosti","11":"first","12":"instock","13":"shipping-taxable","14":"purchasable","15":"product-type-simple","16":"entry","17":"content-bg","18":"loop-entry"},"_links":{"self":[{"href":"https:\/\/magicshop.pro\/sl\/wp-json\/wp\/v2\/product\/384","targetHints":{"allow":["GET"]}}],"collection":[{"href":"https:\/\/magicshop.pro\/sl\/wp-json\/wp\/v2\/product"}],"about":[{"href":"https:\/\/magicshop.pro\/sl\/wp-json\/wp\/v2\/types\/product"}],"replies":[{"embeddable":true,"href":"https:\/\/magicshop.pro\/sl\/wp-json\/wp\/v2\/comments?post=384"}],"wp:featuredmedia":[{"embeddable":true,"href":"https:\/\/magicshop.pro\/sl\/wp-json\/wp\/v2\/media\/595"}],"wp:attachment":[{"href":"https:\/\/magicshop.pro\/sl\/wp-json\/wp\/v2\/media?parent=384"}],"wp:term":[{"taxonomy":"product_brand","embeddable":true,"href":"https:\/\/magicshop.pro\/sl\/wp-json\/wp\/v2\/product_brand?post=384"},{"taxonomy":"product_cat","embeddable":true,"href":"https:\/\/magicshop.pro\/sl\/wp-json\/wp\/v2\/product_cat?post=384"},{"taxonomy":"product_tag","embeddable":true,"href":"https:\/\/magicshop.pro\/sl\/wp-json\/wp\/v2\/product_tag?post=384"}],"curies":[{"name":"wp","href":"https:\/\/api.w.org\/{rel}","templated":true}]}}