{"id":385,"date":"2024-03-27T17:43:00","date_gmt":"2024-03-27T17:43:00","guid":{"rendered":"http:\/\/magicshop.pro\/?post_type=product&#038;p=385"},"modified":"2024-10-01T11:19:57","modified_gmt":"2024-10-01T10:19:57","slug":"kings-parade","status":"publish","type":"product","link":"https:\/\/magicshop.pro\/sl\/izdelek\/kings-parade\/","title":{"rendered":"Kraljevska parada"},"content":{"rendered":"<p>\u010carovnik predstavi etui, za katerega razlo\u017ei, da so v njem 4 karte - \u0161tirje kralji. \u017de v\u010deraj je enega med njimi obrnil narobe, ker to\u010dno ve, kateri je gledalcu najbolj v\u0161e\u010d - to\u010dno tisti, ki je obrnjen. Torej, gledalec naj pove, kateri kralj mu je najbolj v\u0161e\u010d... (Npr. PIK!). \u010carovnik izvle\u010de iz etuija 4 karte, poka\u017ee etui popolnoma prazen, karte razpre in med \u0161tirimi kartami je samo imenovan (pikov) kralj obrnjen navzgor. Za povrh ima ta kralj \u0161e hrbtno stran, za razliko od ostalih treh rde\u010dih, modro... Izredno prepri\u010dljiv trik, uporaben v vsaki dru\u017ebi, takoj ponovljiv... Zahtevnost trika: nizka* https:\/\/www.youtube.com\/watch?v=448pKu18LBY<\/p>\n<p><iframe loading=\"lazy\" src=\"https:\/\/www.youtube.com\/embed\/448pKu18LBY\" width=\"640\" height=\"420\">&nbsp;<\/p>\n<p><\/iframe><\/p>","protected":false},"excerpt":{"rendered":"<p>\u010carovnik predstavi etui, za katerega razlo\u017ei, da so v njem 4 karte - \u0161tirje kralji. \u017de v\u010deraj je enega med njimi obrnil narobe, ker to\u010dno ve, kateri je gledalcu najbolj v\u0161e\u010d - to\u010dno tisti, ki je obrnjen. Torej, gledalec naj pove, kateri kralj mu je najbolj v\u0161e\u010d... (Npr. PIK!). \u010carovnik izvle\u010de iz etuija 4 karte, poka\u017ee etui popolnoma prazen, karte razpre in med \u0161tirimi kartami je samo imenovan (pikov) kralj obrnjen navzgor. Za povrh ima ta kralj \u0161e hrbtno stran, za razliko od ostalih treh rde\u010dih, modro... Izredno prepri\u010dljiv trik, uporaben v vsaki dru\u017ebi, takoj ponovljiv... Zahtevnost trika: nizka* https:\/\/www.youtube.com\/watch?v=448pKu18LBY<\/p>","protected":false},"featured_media":602,"comment_status":"closed","ping_status":"closed","template":"","meta":{"_kad_post_transparent":"default","_kad_post_title":"","_kad_post_layout":"default","_kad_post_sidebar_id":"","_kad_post_content_style":"default","_kad_post_vertical_padding":"default","_kad_post_feature":"","_kad_post_feature_position":"","_kad_post_header":false,"_kad_post_footer":false},"product_cat":[36,19],"product_tag":[],"class_list":{"0":"post-385","1":"product","2":"type-product","3":"status-publish","4":"has-post-thumbnail","6":"product_cat-karte-close-up","7":"product_cat-kartomagija","9":"first","10":"instock","11":"shipping-taxable","12":"purchasable","13":"product-type-simple","14":"entry","15":"content-bg","16":"loop-entry"},"_links":{"self":[{"href":"https:\/\/magicshop.pro\/sl\/wp-json\/wp\/v2\/product\/385"}],"collection":[{"href":"https:\/\/magicshop.pro\/sl\/wp-json\/wp\/v2\/product"}],"about":[{"href":"https:\/\/magicshop.pro\/sl\/wp-json\/wp\/v2\/types\/product"}],"replies":[{"embeddable":true,"href":"https:\/\/magicshop.pro\/sl\/wp-json\/wp\/v2\/comments?post=385"}],"wp:featuredmedia":[{"embeddable":true,"href":"https:\/\/magicshop.pro\/sl\/wp-json\/wp\/v2\/media\/602"}],"wp:attachment":[{"href":"https:\/\/magicshop.pro\/sl\/wp-json\/wp\/v2\/media?parent=385"}],"wp:term":[{"taxonomy":"product_cat","embeddable":true,"href":"https:\/\/magicshop.pro\/sl\/wp-json\/wp\/v2\/product_cat?post=385"},{"taxonomy":"product_tag","embeddable":true,"href":"https:\/\/magicshop.pro\/sl\/wp-json\/wp\/v2\/product_tag?post=385"}],"curies":[{"name":"wp","href":"https:\/\/api.w.org\/{rel}","templated":true}]}}