{"id":390,"date":"2024-03-27T17:43:00","date_gmt":"2024-03-27T17:43:00","guid":{"rendered":"http:\/\/magicshop.pro\/?post_type=product&#038;p=390"},"modified":"2024-07-10T11:51:14","modified_gmt":"2024-07-10T11:51:14","slug":"flash-envelope","status":"publish","type":"product","link":"https:\/\/magicshop.pro\/sl\/izdelek\/flash-envelope\/","title":{"rendered":"Piro kuverta - Flash Envelope"},"content":{"rendered":"<p>Kuverta, ro\u010dno izdelana iz visokokvalitetnega piropapirja je take velikosti, da vanjo pa\u0161e ena ali ve\u010d igralnih kart poker velikosti. Odli\u010dno za presenetljive mentalne efekte.  V kompletu 6 kuvert.<\/p>","protected":false},"excerpt":{"rendered":"<p>Kuverta, ro\u010dno izdelana iz visokokvalitetnega piropapirja je take velikosti, da vanjo pa\u0161e ena ali ve\u010d igralnih kart poker velikosti. Odli\u010dno za presenetljive mentalne efekte.  V kompletu 6 kuvert.<\/p>","protected":false},"featured_media":586,"comment_status":"closed","ping_status":"closed","template":"","meta":{"_kad_post_transparent":"","_kad_post_title":"","_kad_post_layout":"","_kad_post_sidebar_id":"","_kad_post_content_style":"","_kad_post_vertical_padding":"","_kad_post_feature":"","_kad_post_feature_position":"","_kad_post_header":false,"_kad_post_footer":false,"_kad_post_classname":""},"product_brand":[],"product_cat":[19,36],"product_tag":[],"class_list":{"0":"post-390","1":"product","2":"type-product","3":"status-publish","4":"has-post-thumbnail","6":"product_cat-kartomagija","7":"product_cat-karte-close-up","9":"first","10":"instock","11":"shipping-taxable","12":"purchasable","13":"product-type-simple","14":"entry","15":"content-bg","16":"loop-entry"},"_links":{"self":[{"href":"https:\/\/magicshop.pro\/sl\/wp-json\/wp\/v2\/product\/390","targetHints":{"allow":["GET"]}}],"collection":[{"href":"https:\/\/magicshop.pro\/sl\/wp-json\/wp\/v2\/product"}],"about":[{"href":"https:\/\/magicshop.pro\/sl\/wp-json\/wp\/v2\/types\/product"}],"replies":[{"embeddable":true,"href":"https:\/\/magicshop.pro\/sl\/wp-json\/wp\/v2\/comments?post=390"}],"wp:featuredmedia":[{"embeddable":true,"href":"https:\/\/magicshop.pro\/sl\/wp-json\/wp\/v2\/media\/586"}],"wp:attachment":[{"href":"https:\/\/magicshop.pro\/sl\/wp-json\/wp\/v2\/media?parent=390"}],"wp:term":[{"taxonomy":"product_brand","embeddable":true,"href":"https:\/\/magicshop.pro\/sl\/wp-json\/wp\/v2\/product_brand?post=390"},{"taxonomy":"product_cat","embeddable":true,"href":"https:\/\/magicshop.pro\/sl\/wp-json\/wp\/v2\/product_cat?post=390"},{"taxonomy":"product_tag","embeddable":true,"href":"https:\/\/magicshop.pro\/sl\/wp-json\/wp\/v2\/product_tag?post=390"}],"curies":[{"name":"wp","href":"https:\/\/api.w.org\/{rel}","templated":true}]}}