{"id":393,"date":"2024-03-27T17:43:00","date_gmt":"2024-03-27T17:43:00","guid":{"rendered":"http:\/\/magicshop.pro\/?post_type=product&#038;p=393"},"modified":"2024-11-06T11:21:18","modified_gmt":"2024-11-06T10:21:18","slug":"trica","status":"publish","type":"product","link":"https:\/\/magicshop.pro\/sl\/izdelek\/trica\/","title":{"rendered":"Trica"},"content":{"rendered":"<p>Rutina s tremi kartami, kjer pomembna karta zmeraj pobegne tja, kjer je ni za pri\u010dakovati, ob koncu lahko gledalci vse pregledajo... Vklju\u010duje karte, posebne pripomo\u010dke in videonavodila!<\/p>\n<p><iframe loading=\"lazy\" src=\"https:\/\/www.youtube.com\/embed\/1q2cZjMGNOI\" width=\"640\" height=\"420\"><\/p>\n<p><\/iframe><\/p>","protected":false},"excerpt":{"rendered":"<p>Rutina s tremi kartami, kjer pomembna karta zmeraj pobegne tja, kjer je ni za pri\u010dakovati, ob koncu lahko gledalci vse pregledajo... Vklju\u010duje karte, posebne pripomo\u010dke in videonavodila!<\/p>","protected":false},"featured_media":678,"comment_status":"closed","ping_status":"closed","template":"","meta":{"_kad_post_transparent":"default","_kad_post_title":"","_kad_post_layout":"default","_kad_post_sidebar_id":"","_kad_post_content_style":"default","_kad_post_vertical_padding":"default","_kad_post_feature":"","_kad_post_feature_position":"","_kad_post_header":false,"_kad_post_footer":false,"_kad_post_classname":""},"product_brand":[],"product_cat":[19,36,27,29],"product_tag":[],"class_list":{"0":"post-393","1":"product","2":"type-product","3":"status-publish","4":"has-post-thumbnail","6":"product_cat-kartomagija","7":"product_cat-karte-close-up","8":"product_cat-magicshop-produkti","9":"product_cat-novosti","11":"first","12":"instock","13":"shipping-taxable","14":"purchasable","15":"product-type-simple","16":"entry","17":"content-bg","18":"loop-entry"},"_links":{"self":[{"href":"https:\/\/magicshop.pro\/sl\/wp-json\/wp\/v2\/product\/393","targetHints":{"allow":["GET"]}}],"collection":[{"href":"https:\/\/magicshop.pro\/sl\/wp-json\/wp\/v2\/product"}],"about":[{"href":"https:\/\/magicshop.pro\/sl\/wp-json\/wp\/v2\/types\/product"}],"replies":[{"embeddable":true,"href":"https:\/\/magicshop.pro\/sl\/wp-json\/wp\/v2\/comments?post=393"}],"wp:featuredmedia":[{"embeddable":true,"href":"https:\/\/magicshop.pro\/sl\/wp-json\/wp\/v2\/media\/678"}],"wp:attachment":[{"href":"https:\/\/magicshop.pro\/sl\/wp-json\/wp\/v2\/media?parent=393"}],"wp:term":[{"taxonomy":"product_brand","embeddable":true,"href":"https:\/\/magicshop.pro\/sl\/wp-json\/wp\/v2\/product_brand?post=393"},{"taxonomy":"product_cat","embeddable":true,"href":"https:\/\/magicshop.pro\/sl\/wp-json\/wp\/v2\/product_cat?post=393"},{"taxonomy":"product_tag","embeddable":true,"href":"https:\/\/magicshop.pro\/sl\/wp-json\/wp\/v2\/product_tag?post=393"}],"curies":[{"name":"wp","href":"https:\/\/api.w.org\/{rel}","templated":true}]}}