{"id":403,"date":"2024-03-27T17:43:01","date_gmt":"2024-03-27T17:43:01","guid":{"rendered":"http:\/\/magicshop.pro\/?post_type=product&#038;p=403"},"modified":"2026-01-24T02:01:49","modified_gmt":"2026-01-24T01:01:49","slug":"electric-deck-pro","status":"publish","type":"product","link":"https:\/\/magicshop.pro\/sl\/izdelek\/electric-deck-pro\/","title":{"rendered":"Electric deck pro"},"content":{"rendered":"<p>S tem specialnim kompletom kart lahko izvajate nemogo\u010de vragolije, ki izgledajo kot velikanska spretnost, pa v resnici deluje v glavnem samo po sebi. Komplet kart lahko razprostrete v pahlja\u010do, poka\u017eete z obeh strani, razvle\u010dete karte kot harmoniko, pa v trenutku spet skupaj. Nato padajo karte iz roke v roko v razdalji 1\/2 metra kot kak\u0161en slap... Karte in videonavodilo! Zahtevnost trika: visoka***.<\/p>\n<p><iframe loading=\"lazy\" src=\"https:\/\/www.youtube.com\/embed\/tDXSSal7CpE\" width=\"640\" height=\"420\">&nbsp;<\/p>\n<p><\/iframe><\/p>","protected":false},"excerpt":{"rendered":"<p>S tem specialnim kompletom kart lahko izvajate nemogo\u010de vragolije, ki izgledajo kot velikanska spretnost, pa v resnici deluje v glavnem samo po sebi. Komplet kart lahko razprostrete v pahlja\u010do, poka\u017eete z obeh strani, razvle\u010dete karte kot harmoniko, pa v trenutku spet skupaj. Nato padajo karte iz roke v roko v razdalji 1\/2 metra kot kak\u0161en slap... Karte in videonavodilo! Zahtevnost trika: visoka***.<\/p>","protected":false},"featured_media":580,"comment_status":"closed","ping_status":"closed","template":"","meta":{"_kad_post_transparent":"default","_kad_post_title":"","_kad_post_layout":"default","_kad_post_sidebar_id":"","_kad_post_content_style":"default","_kad_post_vertical_padding":"default","_kad_post_feature":"","_kad_post_feature_position":"","_kad_post_header":false,"_kad_post_footer":false,"_kad_post_classname":""},"product_brand":[],"product_cat":[19,36,27,29,22,40],"product_tag":[],"class_list":{"0":"post-403","1":"product","2":"type-product","3":"status-publish","4":"has-post-thumbnail","6":"product_cat-kartomagija","7":"product_cat-karte-close-up","8":"product_cat-magicshop-produkti","9":"product_cat-novosti","10":"product_cat-oder","11":"product_cat-karte-oder","13":"first","14":"instock","15":"shipping-taxable","16":"purchasable","17":"product-type-simple","18":"entry","19":"content-bg","20":"loop-entry"},"_links":{"self":[{"href":"https:\/\/magicshop.pro\/sl\/wp-json\/wp\/v2\/product\/403","targetHints":{"allow":["GET"]}}],"collection":[{"href":"https:\/\/magicshop.pro\/sl\/wp-json\/wp\/v2\/product"}],"about":[{"href":"https:\/\/magicshop.pro\/sl\/wp-json\/wp\/v2\/types\/product"}],"replies":[{"embeddable":true,"href":"https:\/\/magicshop.pro\/sl\/wp-json\/wp\/v2\/comments?post=403"}],"wp:featuredmedia":[{"embeddable":true,"href":"https:\/\/magicshop.pro\/sl\/wp-json\/wp\/v2\/media\/580"}],"wp:attachment":[{"href":"https:\/\/magicshop.pro\/sl\/wp-json\/wp\/v2\/media?parent=403"}],"wp:term":[{"taxonomy":"product_brand","embeddable":true,"href":"https:\/\/magicshop.pro\/sl\/wp-json\/wp\/v2\/product_brand?post=403"},{"taxonomy":"product_cat","embeddable":true,"href":"https:\/\/magicshop.pro\/sl\/wp-json\/wp\/v2\/product_cat?post=403"},{"taxonomy":"product_tag","embeddable":true,"href":"https:\/\/magicshop.pro\/sl\/wp-json\/wp\/v2\/product_tag?post=403"}],"curies":[{"name":"wp","href":"https:\/\/api.w.org\/{rel}","templated":true}]}}