{"id":406,"date":"2024-03-27T17:43:01","date_gmt":"2024-03-27T17:43:01","guid":{"rendered":"http:\/\/magicshop.pro\/?post_type=product&#038;p=406"},"modified":"2024-07-10T10:26:28","modified_gmt":"2024-07-10T10:26:28","slug":"kralj-dama-jumbo","status":"publish","type":"product","link":"https:\/\/magicshop.pro\/sl\/izdelek\/kralj-dama-jumbo\/","title":{"rendered":"Kralj - Kraljica Jumbo"},"content":{"rendered":"<p>Predstavite se kot veliki mentalist in najavite svojo predikcijo: V veliki kuveri se nahaja velika karta, kakr\u0161no si bo gledalec \u0161ele izbral... Nato si gledalec izbere karto (n. pr. Srce damo). Vi izvle\u010dete veliko karto iz kuverte in na svoje za\u010dudenje opazite, da je tu kri\u017eev kralj, torej napa\u010dna karta. A ne dajte se zmesti, temve\u010d zatrdite: \"No, tukajle je va\u0161a karta\" in karto obrnite. Na drugi (hrbtni) strani je naslikanih vseh 52 kart... \u0160ala mala... nato pa karto \u0161e enkrat obrnite in tokrat se je tu pojavila prava: srce dama. Velikost karte: 37 x 25 cm.<\/p>\n<p><iframe loading=\"lazy\" src=\"https:\/\/www.youtube.com\/embed\/GyY5nlmqmpk\" width=\"640\" height=\"420\"><\/p>\n<p><\/iframe><\/p>","protected":false},"excerpt":{"rendered":"<p>Predstavite se kot veliki mentalist in najavite svojo predikcijo: V veliki kuveri se nahaja velika karta, kakr\u0161no si bo gledalec \u0161ele izbral... Nato si gledalec izbere karto (n. pr. Srce damo). Vi izvle\u010dete veliko karto iz kuverte in na svoje za\u010dudenje opazite, da je tu kri\u017eev kralj, torej napa\u010dna karta. A ne dajte se zmesti, temve\u010d zatrdite: \"No, tukajle je va\u0161a karta\" in karto obrnite. Na drugi (hrbtni) strani je naslikanih vseh 52 kart... \u0160ala mala... nato pa karto \u0161e enkrat obrnite in tokrat se je tu pojavila prava: srce dama. Velikost karte: 37 x 25 cm.<\/p>","protected":false},"featured_media":617,"comment_status":"closed","ping_status":"closed","template":"","meta":{"_kad_post_transparent":"default","_kad_post_title":"","_kad_post_layout":"default","_kad_post_sidebar_id":"","_kad_post_content_style":"default","_kad_post_vertical_padding":"default","_kad_post_feature":"","_kad_post_feature_position":"","_kad_post_header":false,"_kad_post_footer":false,"_kad_post_classname":""},"product_brand":[],"product_cat":[19,39,22,40],"product_tag":[],"class_list":{"0":"post-406","1":"product","2":"type-product","3":"status-publish","4":"has-post-thumbnail","6":"product_cat-kartomagija","7":"product_cat-salon","8":"product_cat-oder","9":"product_cat-karte-oder","11":"first","12":"instock","13":"shipping-taxable","14":"purchasable","15":"product-type-simple","16":"entry","17":"content-bg","18":"loop-entry"},"_links":{"self":[{"href":"https:\/\/magicshop.pro\/sl\/wp-json\/wp\/v2\/product\/406","targetHints":{"allow":["GET"]}}],"collection":[{"href":"https:\/\/magicshop.pro\/sl\/wp-json\/wp\/v2\/product"}],"about":[{"href":"https:\/\/magicshop.pro\/sl\/wp-json\/wp\/v2\/types\/product"}],"replies":[{"embeddable":true,"href":"https:\/\/magicshop.pro\/sl\/wp-json\/wp\/v2\/comments?post=406"}],"wp:featuredmedia":[{"embeddable":true,"href":"https:\/\/magicshop.pro\/sl\/wp-json\/wp\/v2\/media\/617"}],"wp:attachment":[{"href":"https:\/\/magicshop.pro\/sl\/wp-json\/wp\/v2\/media?parent=406"}],"wp:term":[{"taxonomy":"product_brand","embeddable":true,"href":"https:\/\/magicshop.pro\/sl\/wp-json\/wp\/v2\/product_brand?post=406"},{"taxonomy":"product_cat","embeddable":true,"href":"https:\/\/magicshop.pro\/sl\/wp-json\/wp\/v2\/product_cat?post=406"},{"taxonomy":"product_tag","embeddable":true,"href":"https:\/\/magicshop.pro\/sl\/wp-json\/wp\/v2\/product_tag?post=406"}],"curies":[{"name":"wp","href":"https:\/\/api.w.org\/{rel}","templated":true}]}}