{"id":408,"date":"2024-03-27T17:43:01","date_gmt":"2024-03-27T17:43:01","guid":{"rendered":"http:\/\/magicshop.pro\/?post_type=product&#038;p=408"},"modified":"2024-07-10T10:26:28","modified_gmt":"2024-07-10T10:26:28","slug":"barvne-mentalne-denarnice-3-denarnice","status":"publish","type":"product","link":"https:\/\/magicshop.pro\/sl\/izdelek\/barvne-mentalne-denarnice-3-denarnice\/","title":{"rendered":"Barvne mentalne denarnice (3 denarnice)"},"content":{"rendered":"<p>\u010carovnik naznani, da se v eni od treh denarnic nahaja bankovec za 100 EUR, v drugih dveh pa malovredni kovanec za 20 centov... Gledalec si sme izbrati dve denarnici, a ostane v vsakem primeru brez 100 EUR bankovca, v gledal\u010devih denarnicah se najde samo kovanec, v \u010carovnikovi pa je 100 EUR... Zelo enostavno za izvajanje, skoraj nikakr\u0161ne manipulacije. Lahko so denarnice v modri, rde\u010di, zeleni ali \u010drni barvi, lahko pa tudi kombinacija treh. Ob naro\u010dilu vpi\u0161ite v polje \"komentar\" svojo \u017eeljo okoli barv...<\/p>","protected":false},"excerpt":{"rendered":"<p>\u010carovnik naznani, da se v eni od treh denarnic nahaja bankovec za 100 EUR, v drugih dveh pa malovredni kovanec za 20 centov... Gledalec si sme izbrati dve denarnici, a ostane v vsakem primeru brez 100 EUR bankovca, v gledal\u010devih denarnicah se najde samo kovanec, v \u010carovnikovi pa je 100 EUR... Zelo enostavno za izvajanje, skoraj nikakr\u0161ne manipulacije. Lahko so denarnice v modri, rde\u010di, zeleni ali \u010drni barvi, lahko pa tudi kombinacija treh. Ob naro\u010dilu vpi\u0161ite v polje \"komentar\" svojo \u017eeljo okoli barv...<\/p>","protected":false},"featured_media":556,"comment_status":"closed","ping_status":"closed","template":"","meta":{"_kad_post_transparent":"","_kad_post_title":"","_kad_post_layout":"","_kad_post_sidebar_id":"","_kad_post_content_style":"","_kad_post_vertical_padding":"","_kad_post_feature":"","_kad_post_feature_position":"","_kad_post_header":false,"_kad_post_footer":false,"_kad_post_classname":""},"product_brand":[],"product_cat":[21],"product_tag":[],"class_list":{"0":"post-408","1":"product","2":"type-product","3":"status-publish","4":"has-post-thumbnail","6":"product_cat-mikromagija","8":"first","9":"instock","10":"shipping-taxable","11":"purchasable","12":"product-type-simple","13":"entry","14":"content-bg","15":"loop-entry"},"_links":{"self":[{"href":"https:\/\/magicshop.pro\/sl\/wp-json\/wp\/v2\/product\/408","targetHints":{"allow":["GET"]}}],"collection":[{"href":"https:\/\/magicshop.pro\/sl\/wp-json\/wp\/v2\/product"}],"about":[{"href":"https:\/\/magicshop.pro\/sl\/wp-json\/wp\/v2\/types\/product"}],"replies":[{"embeddable":true,"href":"https:\/\/magicshop.pro\/sl\/wp-json\/wp\/v2\/comments?post=408"}],"wp:featuredmedia":[{"embeddable":true,"href":"https:\/\/magicshop.pro\/sl\/wp-json\/wp\/v2\/media\/556"}],"wp:attachment":[{"href":"https:\/\/magicshop.pro\/sl\/wp-json\/wp\/v2\/media?parent=408"}],"wp:term":[{"taxonomy":"product_brand","embeddable":true,"href":"https:\/\/magicshop.pro\/sl\/wp-json\/wp\/v2\/product_brand?post=408"},{"taxonomy":"product_cat","embeddable":true,"href":"https:\/\/magicshop.pro\/sl\/wp-json\/wp\/v2\/product_cat?post=408"},{"taxonomy":"product_tag","embeddable":true,"href":"https:\/\/magicshop.pro\/sl\/wp-json\/wp\/v2\/product_tag?post=408"}],"curies":[{"name":"wp","href":"https:\/\/api.w.org\/{rel}","templated":true}]}}