{"id":409,"date":"2024-03-27T17:43:01","date_gmt":"2024-03-27T17:43:01","guid":{"rendered":"http:\/\/magicshop.pro\/?post_type=product&#038;p=409"},"modified":"2024-07-10T10:26:28","modified_gmt":"2024-07-10T10:26:28","slug":"can-you-cut","status":"publish","type":"product","link":"https:\/\/magicshop.pro\/sl\/izdelek\/can-you-cut\/","title":{"rendered":"Can You cut?"},"content":{"rendered":"<p>Bankovec se pred o\u010dmi gledalca prere\u017ee s skalpelom na vse mogo\u010de na\u010dine in vsaki\u010d je v naslednjem trenutku spet cel in nepo\u0161kodovan... Vklju\u010dno z videonavodilom. Zahtevnost trika: srednja**. Oglejte si video:<\/p>\n<p><iframe loading=\"lazy\" src=\"https:\/\/www.youtube.com\/embed\/UbR3zjSLZkE\" width=\"640\" height=\"420\"><\/p>\n<p><\/iframe><\/p>","protected":false},"excerpt":{"rendered":"<p>Bankovec se pred o\u010dmi gledalca prere\u017ee s skalpelom na vse mogo\u010de na\u010dine in vsaki\u010d je v naslednjem trenutku spet cel in nepo\u0161kodovan... Vklju\u010dno z videonavodilom. Zahtevnost trika: srednja**.<\/p>","protected":false},"featured_media":561,"comment_status":"closed","ping_status":"closed","template":"","meta":{"_kad_post_transparent":"default","_kad_post_title":"","_kad_post_layout":"default","_kad_post_sidebar_id":"","_kad_post_content_style":"default","_kad_post_vertical_padding":"default","_kad_post_feature":"","_kad_post_feature_position":"","_kad_post_header":false,"_kad_post_footer":false},"product_cat":[21],"product_tag":[],"class_list":{"0":"post-409","1":"product","2":"type-product","3":"status-publish","4":"has-post-thumbnail","6":"product_cat-mikromagija","8":"first","9":"instock","10":"shipping-taxable","11":"purchasable","12":"product-type-simple","13":"entry","14":"content-bg","15":"loop-entry"},"_links":{"self":[{"href":"https:\/\/magicshop.pro\/sl\/wp-json\/wp\/v2\/product\/409"}],"collection":[{"href":"https:\/\/magicshop.pro\/sl\/wp-json\/wp\/v2\/product"}],"about":[{"href":"https:\/\/magicshop.pro\/sl\/wp-json\/wp\/v2\/types\/product"}],"replies":[{"embeddable":true,"href":"https:\/\/magicshop.pro\/sl\/wp-json\/wp\/v2\/comments?post=409"}],"wp:featuredmedia":[{"embeddable":true,"href":"https:\/\/magicshop.pro\/sl\/wp-json\/wp\/v2\/media\/561"}],"wp:attachment":[{"href":"https:\/\/magicshop.pro\/sl\/wp-json\/wp\/v2\/media?parent=409"}],"wp:term":[{"taxonomy":"product_cat","embeddable":true,"href":"https:\/\/magicshop.pro\/sl\/wp-json\/wp\/v2\/product_cat?post=409"},{"taxonomy":"product_tag","embeddable":true,"href":"https:\/\/magicshop.pro\/sl\/wp-json\/wp\/v2\/product_tag?post=409"}],"curies":[{"name":"wp","href":"https:\/\/api.w.org\/{rel}","templated":true}]}}