{"id":411,"date":"2024-03-27T17:43:04","date_gmt":"2024-03-27T17:43:04","guid":{"rendered":"http:\/\/magicshop.pro\/?post_type=product&#038;p=411"},"modified":"2024-07-10T10:26:30","modified_gmt":"2024-07-10T10:26:30","slug":"flash-chop-cup","status":"publish","type":"product","link":"https:\/\/magicshop.pro\/sl\/izdelek\/flash-chop-cup\/","title":{"rendered":"Flash Chop-cup"},"content":{"rendered":"<p>Namesto klasi\u010dne chop cup rutine, napravi \u010carovnik \u017eogico iz papirja (lahko pa celo iz bankovca), ki se potem pojavlja in izginja... Kon\u010dno jo polo\u017ei na vrh kupice, \"za\u010dara\" in \u017eogica se sama od sebe v\u017ege in zgori brez sledu, pojavi pa se kon\u010dno spet pod kupico. (Poglej video)... Set vsebuje kupico, daljinca, napajalni kabel, pripomo\u010dek za vklop z gle\u017enji in videonavodilo... <\/p>\n<p><iframe loading=\"lazy\" src=\"https:\/\/www.youtube.com\/embed\/6QPtAoiTJqQ\" width=\"640\" height=\"420\"><\/p>\n<p><\/iframe><\/p>\n<p><iframe loading=\"lazy\" src=\"https:\/\/www.youtube.com\/embed\/TGNLXieZtIc\" width=\"640\" height=\"420\"><\/p>\n<p><\/iframe><\/p>","protected":false},"excerpt":{"rendered":"<p>Namesto klasi\u010dne chop cup rutine, napravi \u010carovnik \u017eogico iz papirja (lahko pa celo iz bankovca), ki se potem pojavlja in izginja... Kon\u010dno jo polo\u017ei na vrh kupice, \"za\u010dara\" in \u017eogica se sama od sebe v\u017ege in zgori brez sledu, pojavi pa se kon\u010dno spet pod kupico. (Poglej video)... Set vsebuje kupico, daljinca, napajalni kabel, pripomo\u010dek za vklop z gle\u017enji in videonavodilo...<\/p>","protected":false},"featured_media":583,"comment_status":"closed","ping_status":"closed","template":"","meta":{"_kad_post_transparent":"","_kad_post_title":"","_kad_post_layout":"","_kad_post_sidebar_id":"","_kad_post_content_style":"","_kad_post_vertical_padding":"","_kad_post_feature":"","_kad_post_feature_position":"","_kad_post_header":false,"_kad_post_footer":false},"product_cat":[21,39,22],"product_tag":[],"class_list":{"0":"post-411","1":"product","2":"type-product","3":"status-publish","4":"has-post-thumbnail","6":"product_cat-mikromagija","7":"product_cat-salon","8":"product_cat-oder","10":"first","11":"instock","12":"shipping-taxable","13":"purchasable","14":"product-type-simple","15":"entry","16":"content-bg","17":"loop-entry"},"_links":{"self":[{"href":"https:\/\/magicshop.pro\/sl\/wp-json\/wp\/v2\/product\/411"}],"collection":[{"href":"https:\/\/magicshop.pro\/sl\/wp-json\/wp\/v2\/product"}],"about":[{"href":"https:\/\/magicshop.pro\/sl\/wp-json\/wp\/v2\/types\/product"}],"replies":[{"embeddable":true,"href":"https:\/\/magicshop.pro\/sl\/wp-json\/wp\/v2\/comments?post=411"}],"wp:featuredmedia":[{"embeddable":true,"href":"https:\/\/magicshop.pro\/sl\/wp-json\/wp\/v2\/media\/583"}],"wp:attachment":[{"href":"https:\/\/magicshop.pro\/sl\/wp-json\/wp\/v2\/media?parent=411"}],"wp:term":[{"taxonomy":"product_cat","embeddable":true,"href":"https:\/\/magicshop.pro\/sl\/wp-json\/wp\/v2\/product_cat?post=411"},{"taxonomy":"product_tag","embeddable":true,"href":"https:\/\/magicshop.pro\/sl\/wp-json\/wp\/v2\/product_tag?post=411"}],"curies":[{"name":"wp","href":"https:\/\/api.w.org\/{rel}","templated":true}]}}