{"id":412,"date":"2024-03-27T17:43:04","date_gmt":"2024-03-27T17:43:04","guid":{"rendered":"http:\/\/magicshop.pro\/?post_type=product&#038;p=412"},"modified":"2024-07-10T10:26:30","modified_gmt":"2024-07-10T10:26:30","slug":"izginik","status":"publish","type":"product","link":"https:\/\/magicshop.pro\/sl\/izdelek\/izginik\/","title":{"rendered":"Izginik"},"content":{"rendered":"<p>Napravica za izginjanje manj\u0161ih predmetov, rutk itd... Po slovensko \"vle\u010dnik\". Na mestu, kjer je obro\u010dek, lahko pritrdite karkoli (kavelj\u010dek, karabinar, nylonsko zanko, itd...), s \u010dimer boste lahko enostavno opravili izginotje. Podrobno navodilo za u\u010dinkovito uporabo... Premera 3 cm, debelina 1 cm...<\/p>","protected":false},"excerpt":{"rendered":"<p>Napravica za izginjanje manj\u0161ih predmetov, rutk itd... Po slovensko \"vle\u010dnik\". Na mestu, kjer je obro\u010dek, lahko pritrdite karkoli (kavelj\u010dek, karabinar, nylonsko zanko, itd...), s \u010dimer boste lahko enostavno opravili izginotje. Podrobno navodilo za u\u010dinkovito uporabo... Premera 3 cm, debelina 1 cm...<\/p>","protected":false},"featured_media":596,"comment_status":"closed","ping_status":"closed","template":"","meta":{"_kad_post_transparent":"","_kad_post_title":"","_kad_post_layout":"","_kad_post_sidebar_id":"","_kad_post_content_style":"","_kad_post_vertical_padding":"","_kad_post_feature":"","_kad_post_feature_position":"","_kad_post_header":false,"_kad_post_footer":false},"product_cat":[21],"product_tag":[],"class_list":{"0":"post-412","1":"product","2":"type-product","3":"status-publish","4":"has-post-thumbnail","6":"product_cat-mikromagija","8":"first","9":"instock","10":"shipping-taxable","11":"purchasable","12":"product-type-simple","13":"entry","14":"content-bg","15":"loop-entry"},"_links":{"self":[{"href":"https:\/\/magicshop.pro\/sl\/wp-json\/wp\/v2\/product\/412"}],"collection":[{"href":"https:\/\/magicshop.pro\/sl\/wp-json\/wp\/v2\/product"}],"about":[{"href":"https:\/\/magicshop.pro\/sl\/wp-json\/wp\/v2\/types\/product"}],"replies":[{"embeddable":true,"href":"https:\/\/magicshop.pro\/sl\/wp-json\/wp\/v2\/comments?post=412"}],"wp:featuredmedia":[{"embeddable":true,"href":"https:\/\/magicshop.pro\/sl\/wp-json\/wp\/v2\/media\/596"}],"wp:attachment":[{"href":"https:\/\/magicshop.pro\/sl\/wp-json\/wp\/v2\/media?parent=412"}],"wp:term":[{"taxonomy":"product_cat","embeddable":true,"href":"https:\/\/magicshop.pro\/sl\/wp-json\/wp\/v2\/product_cat?post=412"},{"taxonomy":"product_tag","embeddable":true,"href":"https:\/\/magicshop.pro\/sl\/wp-json\/wp\/v2\/product_tag?post=412"}],"curies":[{"name":"wp","href":"https:\/\/api.w.org\/{rel}","templated":true}]}}