{"id":415,"date":"2024-03-27T17:43:04","date_gmt":"2024-03-27T17:43:04","guid":{"rendered":"http:\/\/magicshop.pro\/?post_type=product&#038;p=415"},"modified":"2026-04-02T17:25:20","modified_gmt":"2026-04-02T16:25:20","slug":"kroglicna-verizica-srebrna","status":"publish","type":"product","link":"https:\/\/magicshop.pro\/sl\/izdelek\/kroglicna-verizica-srebrna\/","title":{"rendered":"Ball Chain &#8211; Silver"},"content":{"rendered":"<p>Na eni roki napravite z veri\u017eico tri vozle, ki jih spustite navzdol, da se oblikujejo na veri\u017eici. Nato potujejo po veri\u017eici navzgor in navzdol, kon\u010dno pa padejo z veri\u017eice na mizo... Nato lahko enega po enega spet vrnete na veri\u017eico, kjer se razvozlajo. Zraven \u0161e zanimiva rutina z obro\u010dkom in pa trik \"Kje je zanka?\"... Vklju\u010dno z videonavodilom. Zahtevnost trika: srednja**.<\/p>\n<p><iframe loading=\"lazy\" src=\"https:\/\/www.youtube.com\/embed\/W3y6p8v6UgI\" width=\"640\" height=\"420\">&nbsp;<\/p>\n<p><\/iframe><\/p>","protected":false},"excerpt":{"rendered":"<p>Na eni roki napravite z veri\u017eico tri vozle, ki jih spustite navzdol, da se oblikujejo na veri\u017eici. Nato potujejo po veri\u017eici navzgor in navzdol, kon\u010dno pa padejo z veri\u017eice na mizo... Nato lahko enega po enega spet vrnete na veri\u017eico, kjer se razvozlajo. Zraven \u0161e zanimiva rutina z obro\u010dkom in pa trik \"Kje je zanka?\"... Vklju\u010dno z videonavodilom. Zahtevnost trika: srednja**.<\/p>","protected":false},"featured_media":555,"comment_status":"closed","ping_status":"closed","template":"","meta":{"_kad_post_transparent":"default","_kad_post_title":"","_kad_post_layout":"default","_kad_post_sidebar_id":"","_kad_post_content_style":"default","_kad_post_vertical_padding":"default","_kad_post_feature":"","_kad_post_feature_position":"","_kad_post_header":false,"_kad_post_footer":false},"product_cat":[29,21,27,39,22],"product_tag":[],"class_list":{"0":"post-415","1":"product","2":"type-product","3":"status-publish","4":"has-post-thumbnail","6":"product_cat-novosti","7":"product_cat-mikromagija","8":"product_cat-magicshop-produkti","9":"product_cat-salon","10":"product_cat-oder","12":"first","13":"instock","14":"shipping-taxable","15":"purchasable","16":"product-type-simple","17":"entry","18":"content-bg","19":"loop-entry"},"_links":{"self":[{"href":"https:\/\/magicshop.pro\/sl\/wp-json\/wp\/v2\/product\/415"}],"collection":[{"href":"https:\/\/magicshop.pro\/sl\/wp-json\/wp\/v2\/product"}],"about":[{"href":"https:\/\/magicshop.pro\/sl\/wp-json\/wp\/v2\/types\/product"}],"replies":[{"embeddable":true,"href":"https:\/\/magicshop.pro\/sl\/wp-json\/wp\/v2\/comments?post=415"}],"wp:featuredmedia":[{"embeddable":true,"href":"https:\/\/magicshop.pro\/sl\/wp-json\/wp\/v2\/media\/555"}],"wp:attachment":[{"href":"https:\/\/magicshop.pro\/sl\/wp-json\/wp\/v2\/media?parent=415"}],"wp:term":[{"taxonomy":"product_cat","embeddable":true,"href":"https:\/\/magicshop.pro\/sl\/wp-json\/wp\/v2\/product_cat?post=415"},{"taxonomy":"product_tag","embeddable":true,"href":"https:\/\/magicshop.pro\/sl\/wp-json\/wp\/v2\/product_tag?post=415"}],"curies":[{"name":"wp","href":"https:\/\/api.w.org\/{rel}","templated":true}]}}