{"id":417,"date":"2024-03-27T17:43:04","date_gmt":"2024-03-27T17:43:04","guid":{"rendered":"http:\/\/magicshop.pro\/?post_type=product&#038;p=417"},"modified":"2024-07-10T14:08:59","modified_gmt":"2024-07-10T14:08:59","slug":"mentalna-kljucavnica-obesanka","status":"publish","type":"product","link":"https:\/\/magicshop.pro\/sl\/izdelek\/mentalna-kljucavnica-obesanka\/","title":{"rendered":"Mentalna klju\u010davnica - obe\u0161anka"},"content":{"rendered":"<p>Mentalna klju\u010davnica - obe\u0161anka - pet klju\u010dev je na voljo in gledalci si izberejo 4, eden ostane \u010carovniku. In edino ta eden odklepa klju\u010davnico, vsi ostali so nemo\u010dni.<\/p>","protected":false},"excerpt":{"rendered":"<p>Mentalna klju\u010davnica - obe\u0161anka - pet klju\u010dev je na voljo in gledalci si izberejo 4, eden ostane \u010carovniku. In edino ta eden odklepa klju\u010davnico, vsi ostali so nemo\u010dni.<\/p>","protected":false},"featured_media":650,"comment_status":"closed","ping_status":"closed","template":"","meta":{"_kad_post_transparent":"default","_kad_post_title":"","_kad_post_layout":"default","_kad_post_sidebar_id":"","_kad_post_content_style":"default","_kad_post_vertical_padding":"default","_kad_post_feature":"","_kad_post_feature_position":"","_kad_post_header":false,"_kad_post_footer":false},"product_cat":[21,39,22],"product_tag":[],"class_list":{"0":"post-417","1":"product","2":"type-product","3":"status-publish","4":"has-post-thumbnail","6":"product_cat-mikromagija","7":"product_cat-salon","8":"product_cat-oder","10":"first","11":"instock","12":"shipping-taxable","13":"purchasable","14":"product-type-simple","15":"entry","16":"content-bg","17":"loop-entry"},"_links":{"self":[{"href":"https:\/\/magicshop.pro\/sl\/wp-json\/wp\/v2\/product\/417"}],"collection":[{"href":"https:\/\/magicshop.pro\/sl\/wp-json\/wp\/v2\/product"}],"about":[{"href":"https:\/\/magicshop.pro\/sl\/wp-json\/wp\/v2\/types\/product"}],"replies":[{"embeddable":true,"href":"https:\/\/magicshop.pro\/sl\/wp-json\/wp\/v2\/comments?post=417"}],"wp:featuredmedia":[{"embeddable":true,"href":"https:\/\/magicshop.pro\/sl\/wp-json\/wp\/v2\/media\/650"}],"wp:attachment":[{"href":"https:\/\/magicshop.pro\/sl\/wp-json\/wp\/v2\/media?parent=417"}],"wp:term":[{"taxonomy":"product_cat","embeddable":true,"href":"https:\/\/magicshop.pro\/sl\/wp-json\/wp\/v2\/product_cat?post=417"},{"taxonomy":"product_tag","embeddable":true,"href":"https:\/\/magicshop.pro\/sl\/wp-json\/wp\/v2\/product_tag?post=417"}],"curies":[{"name":"wp","href":"https:\/\/api.w.org\/{rel}","templated":true}]}}