{"id":418,"date":"2024-03-27T17:43:05","date_gmt":"2024-03-27T17:43:05","guid":{"rendered":"http:\/\/magicshop.pro\/?post_type=product&#038;p=418"},"modified":"2024-07-10T13:54:54","modified_gmt":"2024-07-10T13:54:54","slug":"mentalna-kocka-z-obeskom-za-kljuce-mental-dice-hekate","status":"publish","type":"product","link":"https:\/\/magicshop.pro\/sl\/izdelek\/mentalna-kocka-z-obeskom-za-kljuce-mental-dice-hekate\/","title":{"rendered":"Mentalna Kocka z obeskom za klju\u010de (Mental Dice Hekate)"},"content":{"rendered":"<p>\u010ce menite, da ste videli dovolj mentalizma, vas bo tole prepri\u010dalo v NASPROTNO! Mental Dice Hekate je zdale\u010d nad va\u0161o domi\u0161ljijo. To je revolucionarna zasnova, ki omogo\u010da branje misli v ZARES razumnih pogojih. Poklicni mentalisti uporabljajo to napravo, saj izgleda nedol\u017eno in zagotovo deluje. Mental Dice Hekate ni le orodje; to je \"oro\u017eje\" za vsakega mentalista. Naslednje edinstvene zna\u010dilnosti Mental Dice Hekate vam omogo\u010dajo, da skrivaj spoznate veliko stvari, vklju\u010dno s \u0161tevilom, ki ga gledalec izbere na kocki:<\/p>\n<p>- Z lahkoto lahko vidite sporo\u010dilo, ker je zelo inteligentno prikrito - ni\u010d ve\u010d prikritih pogledov...<\/p>\n<p>- Trik - kocka je zasnovana tako, da izgleda kot obi\u010dajniobesek za klju\u010de. Ob\u010dinstvo ne more zaznati ni\u010desar<\/p>\n<p>- Skrito sporo\u010dilo lahko vidite na zaslonu telefona ali v na\u010dinu vibracij (ko je telefon v \u017eepu).<\/p>\n<p>- Obmo\u010dje zaznavanja je pribli\u017eno 8-10 metrov...<\/p>\n<p>- Nobene potrebe po dodatnih senzorjih.<\/p>\n<p>- Opremljen je z na\u010dinom mirovanja in dolgim \u200b\u200b\u010dasom pripravljenosti (stand by).<\/p>\n<p>- Ima preprosto stikalo za vklop - izklop.<\/p>\n<p>Mental Dice Hekate je 100% zanesljiv in je prakti\u010den prenosen pripomo\u010dek za mentalizem. Je izjemen in zanimiv izdelek.<\/p>","protected":false},"excerpt":{"rendered":"<p>\u010ce menite, da ste videli dovolj mentalizma, vas bo tole prepri\u010dalo v NASPROTNO! Mental Dice Hekate je zdale\u010d nad va\u0161o domi\u0161ljijo. To je revolucionarna zasnova, ki omogo\u010da branje misli v ZARES razumnih pogojih. Poklicni mentalisti uporabljajo to napravo, saj izgleda nedol\u017eno in zagotovo deluje. Mental Dice Hekate ni le orodje; to je \"oro\u017eje\" za vsakega mentalista. Naslednje edinstvene zna\u010dilnosti Mental Dice Hekate vam omogo\u010dajo, da skrivaj spoznate veliko stvari, vklju\u010dno s \u0161tevilom, ki ga gledalec izbere na kocki.<\/p>","protected":false},"featured_media":649,"comment_status":"closed","ping_status":"closed","template":"","meta":{"_kad_post_transparent":"default","_kad_post_title":"","_kad_post_layout":"default","_kad_post_sidebar_id":"","_kad_post_content_style":"default","_kad_post_vertical_padding":"default","_kad_post_feature":"","_kad_post_feature_position":"","_kad_post_header":false,"_kad_post_footer":false},"product_cat":[21,39,22],"product_tag":[],"class_list":{"0":"post-418","1":"product","2":"type-product","3":"status-publish","4":"has-post-thumbnail","6":"product_cat-mikromagija","7":"product_cat-salon","8":"product_cat-oder","10":"first","11":"instock","12":"shipping-taxable","13":"purchasable","14":"product-type-simple","15":"entry","16":"content-bg","17":"loop-entry"},"_links":{"self":[{"href":"https:\/\/magicshop.pro\/sl\/wp-json\/wp\/v2\/product\/418"}],"collection":[{"href":"https:\/\/magicshop.pro\/sl\/wp-json\/wp\/v2\/product"}],"about":[{"href":"https:\/\/magicshop.pro\/sl\/wp-json\/wp\/v2\/types\/product"}],"replies":[{"embeddable":true,"href":"https:\/\/magicshop.pro\/sl\/wp-json\/wp\/v2\/comments?post=418"}],"wp:featuredmedia":[{"embeddable":true,"href":"https:\/\/magicshop.pro\/sl\/wp-json\/wp\/v2\/media\/649"}],"wp:attachment":[{"href":"https:\/\/magicshop.pro\/sl\/wp-json\/wp\/v2\/media?parent=418"}],"wp:term":[{"taxonomy":"product_cat","embeddable":true,"href":"https:\/\/magicshop.pro\/sl\/wp-json\/wp\/v2\/product_cat?post=418"},{"taxonomy":"product_tag","embeddable":true,"href":"https:\/\/magicshop.pro\/sl\/wp-json\/wp\/v2\/product_tag?post=418"}],"curies":[{"name":"wp","href":"https:\/\/api.w.org\/{rel}","templated":true}]}}