{"id":419,"date":"2024-03-27T17:43:05","date_gmt":"2024-03-27T17:43:05","guid":{"rendered":"http:\/\/magicshop.pro\/?post_type=product&#038;p=419"},"modified":"2024-07-10T10:26:30","modified_gmt":"2024-07-10T10:26:30","slug":"pk-ring-magnetni-prstan-barvni","status":"publish","type":"product","link":"https:\/\/magicshop.pro\/sl\/izdelek\/pk-ring-magnetni-prstan-barvni\/","title":{"rendered":"PK Ring (magnetni prstan) barvni"},"content":{"rendered":"<p>PK Ring (magnetni prstan) barvni kolobar po sredini, mo\u010dan neodymski magnet... Notranji premer: 18 in 19 mm. Ob naro\u010dilu dopi\u0161ite v polje s komentarjem \u017eeleno barvo in velikost.<\/p>","protected":false},"excerpt":{"rendered":"<p>PK Ring (magnetni prstan) barvni kolobar po sredini, mo\u010dan neodymski magnet... Notranji premer: 18 in 19 mm. Ob naro\u010dilu dopi\u0161ite v polje s komentarjem \u017eeleno barvo in velikost.<\/p>","protected":false},"featured_media":604,"comment_status":"closed","ping_status":"closed","template":"","meta":{"_kad_post_transparent":"","_kad_post_title":"","_kad_post_layout":"","_kad_post_sidebar_id":"","_kad_post_content_style":"","_kad_post_vertical_padding":"","_kad_post_feature":"","_kad_post_feature_position":"","_kad_post_header":false,"_kad_post_footer":false},"product_cat":[21,38,32],"product_tag":[],"class_list":{"0":"post-419","1":"product","2":"type-product","3":"status-publish","4":"has-post-thumbnail","6":"product_cat-mikromagija","7":"product_cat-pripomocki","8":"product_cat-ostalo","10":"first","11":"instock","12":"shipping-taxable","13":"purchasable","14":"product-type-simple","15":"entry","16":"content-bg","17":"loop-entry"},"_links":{"self":[{"href":"https:\/\/magicshop.pro\/sl\/wp-json\/wp\/v2\/product\/419"}],"collection":[{"href":"https:\/\/magicshop.pro\/sl\/wp-json\/wp\/v2\/product"}],"about":[{"href":"https:\/\/magicshop.pro\/sl\/wp-json\/wp\/v2\/types\/product"}],"replies":[{"embeddable":true,"href":"https:\/\/magicshop.pro\/sl\/wp-json\/wp\/v2\/comments?post=419"}],"wp:featuredmedia":[{"embeddable":true,"href":"https:\/\/magicshop.pro\/sl\/wp-json\/wp\/v2\/media\/604"}],"wp:attachment":[{"href":"https:\/\/magicshop.pro\/sl\/wp-json\/wp\/v2\/media?parent=419"}],"wp:term":[{"taxonomy":"product_cat","embeddable":true,"href":"https:\/\/magicshop.pro\/sl\/wp-json\/wp\/v2\/product_cat?post=419"},{"taxonomy":"product_tag","embeddable":true,"href":"https:\/\/magicshop.pro\/sl\/wp-json\/wp\/v2\/product_tag?post=419"}],"curies":[{"name":"wp","href":"https:\/\/api.w.org\/{rel}","templated":true}]}}