{"id":427,"date":"2024-03-27T17:43:05","date_gmt":"2024-03-27T17:43:05","guid":{"rendered":"http:\/\/magicshop.pro\/?post_type=product&#038;p=427"},"modified":"2024-07-10T10:26:31","modified_gmt":"2024-07-10T10:26:31","slug":"produkcijska-samovzigna-sveca-2-kom","status":"publish","type":"product","link":"https:\/\/magicshop.pro\/sl\/izdelek\/produkcijska-samovzigna-sveca-2-kom\/","title":{"rendered":"Produkcijska samov\u017eigna sve\u010da (2 kom.)"},"content":{"rendered":"<p>Komplet vsebuje dve sve\u010di, dve dr\u017ealki za sve\u010de znotraj obleke ter USB kabel za polnjenje baterije v sve\u010di. Dol\u017eina sve\u010de: 13 cm, premer 2 cm.<\/p>\n<p><iframe loading=\"lazy\" src=\"https:\/\/www.youtube.com\/embed\/zRejObKl8zM\" width=\"640\" height=\"420\"><\/p>\n<p><\/iframe><\/p>\n<p><iframe loading=\"lazy\" src=\"https:\/\/www.youtube.com\/embed\/t5SbZ9F2p64\" width=\"640\" height=\"420\"><\/p>\n<p><\/iframe><\/p>","protected":false},"excerpt":{"rendered":"<p>Komplet vsebuje dve sve\u010di, dve dr\u017ealki za sve\u010de znotraj obleke ter USB kabel za polnjenje baterije v sve\u010di. Dol\u017eina sve\u010de: 13 cm, premer 2 cm.<\/p>","protected":false},"featured_media":643,"comment_status":"closed","ping_status":"closed","template":"","meta":{"_kad_post_transparent":"default","_kad_post_title":"","_kad_post_layout":"default","_kad_post_sidebar_id":"","_kad_post_content_style":"default","_kad_post_vertical_padding":"default","_kad_post_feature":"","_kad_post_feature_position":"","_kad_post_header":false,"_kad_post_footer":false},"product_cat":[21,39,22],"product_tag":[],"class_list":{"0":"post-427","1":"product","2":"type-product","3":"status-publish","4":"has-post-thumbnail","6":"product_cat-mikromagija","7":"product_cat-salon","8":"product_cat-oder","10":"first","11":"instock","12":"shipping-taxable","13":"purchasable","14":"product-type-simple","15":"entry","16":"content-bg","17":"loop-entry"},"_links":{"self":[{"href":"https:\/\/magicshop.pro\/sl\/wp-json\/wp\/v2\/product\/427"}],"collection":[{"href":"https:\/\/magicshop.pro\/sl\/wp-json\/wp\/v2\/product"}],"about":[{"href":"https:\/\/magicshop.pro\/sl\/wp-json\/wp\/v2\/types\/product"}],"replies":[{"embeddable":true,"href":"https:\/\/magicshop.pro\/sl\/wp-json\/wp\/v2\/comments?post=427"}],"wp:featuredmedia":[{"embeddable":true,"href":"https:\/\/magicshop.pro\/sl\/wp-json\/wp\/v2\/media\/643"}],"wp:attachment":[{"href":"https:\/\/magicshop.pro\/sl\/wp-json\/wp\/v2\/media?parent=427"}],"wp:term":[{"taxonomy":"product_cat","embeddable":true,"href":"https:\/\/magicshop.pro\/sl\/wp-json\/wp\/v2\/product_cat?post=427"},{"taxonomy":"product_tag","embeddable":true,"href":"https:\/\/magicshop.pro\/sl\/wp-json\/wp\/v2\/product_tag?post=427"}],"curies":[{"name":"wp","href":"https:\/\/api.w.org\/{rel}","templated":true}]}}