{"id":431,"date":"2024-03-27T17:43:05","date_gmt":"2024-03-27T17:43:05","guid":{"rendered":"http:\/\/magicshop.pro\/?post_type=product&#038;p=431"},"modified":"2024-07-10T10:26:31","modified_gmt":"2024-07-10T10:26:31","slug":"universal-floating-gimmick-lebdeci-pametni-telefon-in-podobno","status":"publish","type":"product","link":"https:\/\/magicshop.pro\/sl\/izdelek\/universal-floating-gimmick-lebdeci-pametni-telefon-in-podobno\/","title":{"rendered":"Universal Floating Gimmick (Lebde\u010di pametni telefon in podobno)"},"content":{"rendered":"<p>To je kot nala\u0161\u010d \u010darovni\u0161ki trik za table-hopping, salon, close-up, manj\u0161i oder ali uli\u010dno magijo... Samo sposodite si pametni telefon od gledalca, ga pokrijete s prosojno rutko in napravite, da lebdi.. . Zelo prepri\u010dljiv u\u010dinek, izvirna kreacija in rutina Magic Wladimirja. V kompletu boste prejeli podroben opis, video navodilo, rutko in potrebni skrivni pripomo\u010dek. Pred in po triku lahko gledalci podrobno pregledajo telefon in rutko (in seveda ne najdejo ni\u010desar sumljivega)...  In sedaj novost: enak efekt lahko napravite tudi s \u0161katlo kart, \u0161katlo cigaret in s podobnimi predmeti!!!<\/p>\n<p><iframe loading=\"lazy\" src=\"https:\/\/www.youtube.com\/embed\/laqRfzsN_xI\" width=\"640\" height=\"420\"><\/p>\n<p><\/iframe><\/p>","protected":false},"excerpt":{"rendered":"<p>To je kot nala\u0161\u010d \u010darovni\u0161ki trik za table-hopping, salon, close-up, manj\u0161i oder ali uli\u010dno magijo... Samo sposodite si pametni telefon od gledalca, ga pokrijete s prosojno rutko in napravite, da lebdi.. . Zelo prepri\u010dljiv u\u010dinek, izvirna kreacija in rutina Magic Wladimirja. V kompletu boste prejeli podroben opis, video navodilo, rutko in potrebni skrivni pripomo\u010dek. Pred in po triku lahko gledalci podrobno pregledajo telefon in rutko (in seveda ne najdejo ni\u010desar sumljivega)...  In sedaj novost: enak efekt lahko napravite tudi s \u0161katlo kart, \u0161katlo cigaret in s podobnimi predmeti!!!<\/p>","protected":false},"featured_media":679,"comment_status":"closed","ping_status":"closed","template":"","meta":{"_kad_post_transparent":"default","_kad_post_title":"","_kad_post_layout":"default","_kad_post_sidebar_id":"","_kad_post_content_style":"default","_kad_post_vertical_padding":"default","_kad_post_feature":"","_kad_post_feature_position":"","_kad_post_header":false,"_kad_post_footer":false,"_kad_post_classname":""},"product_brand":[],"product_cat":[27,29,39,22],"product_tag":[],"class_list":{"0":"post-431","1":"product","2":"type-product","3":"status-publish","4":"has-post-thumbnail","6":"product_cat-magicshop-produkti","7":"product_cat-novosti","8":"product_cat-salon","9":"product_cat-oder","11":"first","12":"instock","13":"shipping-taxable","14":"purchasable","15":"product-type-simple","16":"entry","17":"content-bg","18":"loop-entry"},"_links":{"self":[{"href":"https:\/\/magicshop.pro\/sl\/wp-json\/wp\/v2\/product\/431","targetHints":{"allow":["GET"]}}],"collection":[{"href":"https:\/\/magicshop.pro\/sl\/wp-json\/wp\/v2\/product"}],"about":[{"href":"https:\/\/magicshop.pro\/sl\/wp-json\/wp\/v2\/types\/product"}],"replies":[{"embeddable":true,"href":"https:\/\/magicshop.pro\/sl\/wp-json\/wp\/v2\/comments?post=431"}],"wp:featuredmedia":[{"embeddable":true,"href":"https:\/\/magicshop.pro\/sl\/wp-json\/wp\/v2\/media\/679"}],"wp:attachment":[{"href":"https:\/\/magicshop.pro\/sl\/wp-json\/wp\/v2\/media?parent=431"}],"wp:term":[{"taxonomy":"product_brand","embeddable":true,"href":"https:\/\/magicshop.pro\/sl\/wp-json\/wp\/v2\/product_brand?post=431"},{"taxonomy":"product_cat","embeddable":true,"href":"https:\/\/magicshop.pro\/sl\/wp-json\/wp\/v2\/product_cat?post=431"},{"taxonomy":"product_tag","embeddable":true,"href":"https:\/\/magicshop.pro\/sl\/wp-json\/wp\/v2\/product_tag?post=431"}],"curies":[{"name":"wp","href":"https:\/\/api.w.org\/{rel}","templated":true}]}}