{"id":432,"date":"2024-03-27T17:43:05","date_gmt":"2024-03-27T17:43:05","guid":{"rendered":"http:\/\/magicshop.pro\/?post_type=product&#038;p=432"},"modified":"2024-07-10T10:26:31","modified_gmt":"2024-07-10T10:26:31","slug":"ustna-piskalka-piscalka","status":"publish","type":"product","link":"https:\/\/magicshop.pro\/sl\/izdelek\/ustna-piskalka-piscalka\/","title":{"rendered":"Ustna piskalka - pi\u0161\u010dalka"},"content":{"rendered":"<p>Skrito v ustih in lahko proizvaja \u017evi\u017egajo\u010de zvoke kot ozadje za va\u0161 program, gledalci pa nimajo pojma, od kod prihaja zvok... Set dveh kosov.<\/p>","protected":false},"excerpt":{"rendered":"<p>Skrito v ustih in lahko proizvaja \u017evi\u017egajo\u010de zvoke kot ozadje za va\u0161 program, gledalci pa nimajo pojma, od kod prihaja zvok... Set dveh kosov.<\/p>","protected":false},"featured_media":656,"comment_status":"closed","ping_status":"closed","template":"","meta":{"_kad_post_transparent":"","_kad_post_title":"","_kad_post_layout":"","_kad_post_sidebar_id":"","_kad_post_content_style":"","_kad_post_vertical_padding":"","_kad_post_feature":"","_kad_post_feature_position":"","_kad_post_header":false,"_kad_post_footer":false},"product_cat":[21,38,39,22,32],"product_tag":[],"class_list":{"0":"post-432","1":"product","2":"type-product","3":"status-publish","4":"has-post-thumbnail","6":"product_cat-mikromagija","7":"product_cat-pripomocki","8":"product_cat-salon","9":"product_cat-oder","10":"product_cat-ostalo","12":"first","13":"instock","14":"shipping-taxable","15":"purchasable","16":"product-type-simple","17":"entry","18":"content-bg","19":"loop-entry"},"_links":{"self":[{"href":"https:\/\/magicshop.pro\/sl\/wp-json\/wp\/v2\/product\/432"}],"collection":[{"href":"https:\/\/magicshop.pro\/sl\/wp-json\/wp\/v2\/product"}],"about":[{"href":"https:\/\/magicshop.pro\/sl\/wp-json\/wp\/v2\/types\/product"}],"replies":[{"embeddable":true,"href":"https:\/\/magicshop.pro\/sl\/wp-json\/wp\/v2\/comments?post=432"}],"wp:featuredmedia":[{"embeddable":true,"href":"https:\/\/magicshop.pro\/sl\/wp-json\/wp\/v2\/media\/656"}],"wp:attachment":[{"href":"https:\/\/magicshop.pro\/sl\/wp-json\/wp\/v2\/media?parent=432"}],"wp:term":[{"taxonomy":"product_cat","embeddable":true,"href":"https:\/\/magicshop.pro\/sl\/wp-json\/wp\/v2\/product_cat?post=432"},{"taxonomy":"product_tag","embeddable":true,"href":"https:\/\/magicshop.pro\/sl\/wp-json\/wp\/v2\/product_tag?post=432"}],"curies":[{"name":"wp","href":"https:\/\/api.w.org\/{rel}","templated":true}]}}