{"id":435,"date":"2024-03-27T17:43:06","date_gmt":"2024-03-27T17:43:06","guid":{"rendered":"http:\/\/magicshop.pro\/?post_type=product&#038;p=435"},"modified":"2026-04-02T17:25:20","modified_gmt":"2026-04-02T16:25:20","slug":"zupanov-strojcek-za-denar","status":"publish","type":"product","link":"https:\/\/magicshop.pro\/sl\/izdelek\/zupanov-strojcek-za-denar\/","title":{"rendered":"Zupanov stroj\u010dek za denar"},"content":{"rendered":"<p>Zupanov stroj\u010dek za denar - Sestavljiv stroj\u010dek za denar - sestavite ga pred o\u010dmi gledalcev, na papir natiskate denar, kon\u010dno pa stroj\u010dek tudi pred o\u010dmi gledalcev razstavite. Rutina, polna \u0161al in domiselnih zapletov... Vklju\u010dno z vsemi \"ponesre\u010denimi\" bankovci in videonavodilom. Zahtevnost trika: srednja**. Na voljo temna ali svetla verzija...<\/p>\n<p><iframe loading=\"lazy\" src=\"https:\/\/www.youtube.com\/embed\/7ZzcEVeP_pc\" width=\"640\" height=\"420\">&nbsp;<\/p>\n<p><\/iframe><\/p>\n<p><iframe loading=\"lazy\" src=\"https:\/\/www.youtube.com\/embed\/0Nge1sBX14k\" width=\"640\" height=\"420\">&nbsp;<\/p>\n<p><\/iframe><\/p>","protected":false},"excerpt":{"rendered":"<p>Zupanov stroj\u010dek za denar - Sestavljiv stroj\u010dek za denar - sestavite ga pred o\u010dmi gledalcev, na papir natiskate denar, kon\u010dno pa stroj\u010dek tudi pred o\u010dmi gledalcev razstavite. Rutina, polna \u0161al in domiselnih zapletov... Vklju\u010dno z vsemi \"ponesre\u010denimi\" bankovci in videonavodilom. Zahtevnost trika: srednja**. Na voljo temna ali svetla verzija...<\/p>","protected":false},"featured_media":655,"comment_status":"closed","ping_status":"closed","template":"","meta":{"_kad_post_transparent":"default","_kad_post_title":"","_kad_post_layout":"default","_kad_post_sidebar_id":"","_kad_post_content_style":"default","_kad_post_vertical_padding":"default","_kad_post_feature":"","_kad_post_feature_position":"","_kad_post_header":false,"_kad_post_footer":false},"product_cat":[29,21,27,39,22],"product_tag":[],"class_list":{"0":"post-435","1":"product","2":"type-product","3":"status-publish","4":"has-post-thumbnail","6":"product_cat-novosti","7":"product_cat-mikromagija","8":"product_cat-magicshop-produkti","9":"product_cat-salon","10":"product_cat-oder","12":"first","13":"instock","14":"shipping-taxable","15":"purchasable","16":"product-type-simple","17":"entry","18":"content-bg","19":"loop-entry"},"_links":{"self":[{"href":"https:\/\/magicshop.pro\/sl\/wp-json\/wp\/v2\/product\/435"}],"collection":[{"href":"https:\/\/magicshop.pro\/sl\/wp-json\/wp\/v2\/product"}],"about":[{"href":"https:\/\/magicshop.pro\/sl\/wp-json\/wp\/v2\/types\/product"}],"replies":[{"embeddable":true,"href":"https:\/\/magicshop.pro\/sl\/wp-json\/wp\/v2\/comments?post=435"}],"wp:featuredmedia":[{"embeddable":true,"href":"https:\/\/magicshop.pro\/sl\/wp-json\/wp\/v2\/media\/655"}],"wp:attachment":[{"href":"https:\/\/magicshop.pro\/sl\/wp-json\/wp\/v2\/media?parent=435"}],"wp:term":[{"taxonomy":"product_cat","embeddable":true,"href":"https:\/\/magicshop.pro\/sl\/wp-json\/wp\/v2\/product_cat?post=435"},{"taxonomy":"product_tag","embeddable":true,"href":"https:\/\/magicshop.pro\/sl\/wp-json\/wp\/v2\/product_tag?post=435"}],"curies":[{"name":"wp","href":"https:\/\/api.w.org\/{rel}","templated":true}]}}