{"id":437,"date":"2024-03-27T17:43:06","date_gmt":"2024-03-27T17:43:06","guid":{"rendered":"http:\/\/magicshop.pro\/?post_type=product&#038;p=437"},"modified":"2024-11-09T19:29:43","modified_gmt":"2024-11-09T18:29:43","slug":"chicago-zogice","status":"publish","type":"product","link":"https:\/\/magicshop.pro\/sl\/izdelek\/chicago-zogice\/","title":{"rendered":"Chicago Balls"},"content":{"rendered":"<p>\u017dogice se med \u010darobnikovimi prsti mno\u017eijo od ene do \u0161tirih, nato lahko tudi izginjajo... Izredno lahke (votle) guma-silikon in izredno oprijemajo\u010de. Zahtevnost trika: visoka***.Oglejte si video:<\/p>\n<p><iframe loading=\"lazy\" src=\"https:\/\/www.youtube.com\/embed\/seaO1c5awYw\" width=\"640\" height=\"420\">&nbsp;<\/p>\n<p><\/iframe><\/p>","protected":false},"excerpt":{"rendered":"<p>\u017dogice se med \u010darobnikovimi prsti mno\u017eijo od ene do \u0161tirih, nato lahko tudi izginjajo... Izredno lahke (votle) guma-silikon in izredno oprijemajo\u010de. Zahtevnost trika: visoka***.<\/p>","protected":false},"featured_media":567,"comment_status":"closed","ping_status":"closed","template":"","meta":{"_kad_post_transparent":"default","_kad_post_title":"","_kad_post_layout":"default","_kad_post_sidebar_id":"","_kad_post_content_style":"default","_kad_post_vertical_padding":"default","_kad_post_feature":"","_kad_post_feature_position":"","_kad_post_header":false,"_kad_post_footer":false,"_kad_post_classname":""},"product_brand":[],"product_cat":[38,32,39,22],"product_tag":[],"class_list":{"0":"post-437","1":"product","2":"type-product","3":"status-publish","4":"has-post-thumbnail","6":"product_cat-pripomocki","7":"product_cat-ostalo","8":"product_cat-salon","9":"product_cat-oder","11":"first","12":"instock","13":"shipping-taxable","14":"purchasable","15":"product-type-variable","16":"entry","17":"content-bg","18":"loop-entry"},"_links":{"self":[{"href":"https:\/\/magicshop.pro\/sl\/wp-json\/wp\/v2\/product\/437","targetHints":{"allow":["GET"]}}],"collection":[{"href":"https:\/\/magicshop.pro\/sl\/wp-json\/wp\/v2\/product"}],"about":[{"href":"https:\/\/magicshop.pro\/sl\/wp-json\/wp\/v2\/types\/product"}],"replies":[{"embeddable":true,"href":"https:\/\/magicshop.pro\/sl\/wp-json\/wp\/v2\/comments?post=437"}],"wp:featuredmedia":[{"embeddable":true,"href":"https:\/\/magicshop.pro\/sl\/wp-json\/wp\/v2\/media\/567"}],"wp:attachment":[{"href":"https:\/\/magicshop.pro\/sl\/wp-json\/wp\/v2\/media?parent=437"}],"wp:term":[{"taxonomy":"product_brand","embeddable":true,"href":"https:\/\/magicshop.pro\/sl\/wp-json\/wp\/v2\/product_brand?post=437"},{"taxonomy":"product_cat","embeddable":true,"href":"https:\/\/magicshop.pro\/sl\/wp-json\/wp\/v2\/product_cat?post=437"},{"taxonomy":"product_tag","embeddable":true,"href":"https:\/\/magicshop.pro\/sl\/wp-json\/wp\/v2\/product_tag?post=437"}],"curies":[{"name":"wp","href":"https:\/\/api.w.org\/{rel}","templated":true}]}}