{"id":443,"date":"2024-03-27T17:43:09","date_gmt":"2024-03-27T17:43:09","guid":{"rendered":"http:\/\/magicshop.pro\/?post_type=product&#038;p=443"},"modified":"2024-07-10T10:26:31","modified_gmt":"2024-07-10T10:26:31","slug":"cola-silk","status":"publish","type":"product","link":"https:\/\/magicshop.pro\/sl\/izdelek\/cola-silk\/","title":{"rendered":"Cola &#8211; silk"},"content":{"rendered":"<p>Iz steklenice coca cole, v kateri se nahaja rutka, odvije \u010carovnik pokrov\u010dek, rutko iztrese, pokrov\u010dek privije nazaj in steklenico pokrije z dekoriranim valjem. Rutko stla\u010di v pest in trenutek za tem je rutka izginila. Ko \u010carovnik dvigne valj s steklenice, se rutka nahaja v steklenici. \u010carovnik odvije pokrov\u010dek, spet iztrese rutko, nato pa prepusti steklenico, rutko in pokrov\u010dek na pregled ob\u010dinstvu. Zahtevnost trika: nizka*. Cena za navodilo, steklenico, valj, pokrov\u010dek in pripomo\u010dek. Rutke niso vklju\u010dene v ceno.<\/p>\n<p><iframe loading=\"lazy\" src=\"https:\/\/www.youtube.com\/embed\/6Cs1-tF3gOw\" width=\"640\" height=\"420\"><\/p>\n<p><\/iframe><\/p>","protected":false},"excerpt":{"rendered":"<p>Iz steklenice coca cole, v kateri se nahaja rutka, odvije \u010carovnik pokrov\u010dek, rutko iztrese, pokrov\u010dek privije nazaj in steklenico pokrije z dekoriranim valjem. Rutko stla\u010di v pest in trenutek za tem je rutka izginila. Ko \u010carovnik dvigne valj s steklenice, se rutka nahaja v steklenici. \u010carovnik odvije pokrov\u010dek, spet iztrese rutko, nato pa prepusti steklenico, rutko in pokrov\u010dek na pregled ob\u010dinstvu. Zahtevnost trika: nizka*. Cena za navodilo, steklenico, valj, pokrov\u010dek in pripomo\u010dek. Rutke niso vklju\u010dene v ceno.<\/p>","protected":false},"featured_media":575,"comment_status":"closed","ping_status":"closed","template":"","meta":{"_kad_post_transparent":"default","_kad_post_title":"","_kad_post_layout":"default","_kad_post_sidebar_id":"","_kad_post_content_style":"default","_kad_post_vertical_padding":"default","_kad_post_feature":"","_kad_post_feature_position":"","_kad_post_header":false,"_kad_post_footer":false},"product_cat":[39,22],"product_tag":[],"class_list":{"0":"post-443","1":"product","2":"type-product","3":"status-publish","4":"has-post-thumbnail","6":"product_cat-salon","7":"product_cat-oder","9":"first","10":"instock","11":"shipping-taxable","12":"purchasable","13":"product-type-simple","14":"entry","15":"content-bg","16":"loop-entry"},"_links":{"self":[{"href":"https:\/\/magicshop.pro\/sl\/wp-json\/wp\/v2\/product\/443"}],"collection":[{"href":"https:\/\/magicshop.pro\/sl\/wp-json\/wp\/v2\/product"}],"about":[{"href":"https:\/\/magicshop.pro\/sl\/wp-json\/wp\/v2\/types\/product"}],"replies":[{"embeddable":true,"href":"https:\/\/magicshop.pro\/sl\/wp-json\/wp\/v2\/comments?post=443"}],"wp:featuredmedia":[{"embeddable":true,"href":"https:\/\/magicshop.pro\/sl\/wp-json\/wp\/v2\/media\/575"}],"wp:attachment":[{"href":"https:\/\/magicshop.pro\/sl\/wp-json\/wp\/v2\/media?parent=443"}],"wp:term":[{"taxonomy":"product_cat","embeddable":true,"href":"https:\/\/magicshop.pro\/sl\/wp-json\/wp\/v2\/product_cat?post=443"},{"taxonomy":"product_tag","embeddable":true,"href":"https:\/\/magicshop.pro\/sl\/wp-json\/wp\/v2\/product_tag?post=443"}],"curies":[{"name":"wp","href":"https:\/\/api.w.org\/{rel}","templated":true}]}}