{"id":445,"date":"2024-03-27T17:43:09","date_gmt":"2024-03-27T17:43:09","guid":{"rendered":"http:\/\/magicshop.pro\/?post_type=product&#038;p=445"},"modified":"2024-07-10T10:26:33","modified_gmt":"2024-07-10T10:26:33","slug":"kitajski-obroci-8-kos","status":"publish","type":"product","link":"https:\/\/magicshop.pro\/sl\/izdelek\/kitajski-obroci-8-kos\/","title":{"rendered":"Kitajski Obro\u010di - 8 kos"},"content":{"rendered":"<p>\u010carovnik poka\u017ee ob\u010dinstvu osem obro\u010dev: prvi, drugi, tretji...itd. Nato spoji dva in ju da nekomu izmed gledalcev, nato tri in jih ravno tako prepusti ob\u010dinstvu, kot tudi naslednje posamezne, dokler ne razdeli vseh obro\u010dev, da se lahko gledalci prepri\u010dajo, da obro\u010di niso nikjer po\u010deni (odprti). Nato pobere obro\u010de spet skupaj in dela z njimi razne figure, na koncu pa jih spravi vse na enega... To je eden najbolj prepri\u010dljivih \u010darobnih trikov! Premer obro\u010dev: 25 cm... Material: nerjave\u010de jeklo.<\/p>\n<p><iframe loading=\"lazy\" src=\"https:\/\/www.youtube.com\/embed\/xvxX_m5sdkI\" width=\"640\" height=\"420\"><\/p>\n<p><\/iframe><\/p>","protected":false},"excerpt":{"rendered":"<p>\u010carovnik poka\u017ee ob\u010dinstvu osem obro\u010dev: prvi, drugi, tretji...itd. Nato spoji dva in ju da nekomu izmed gledalcev, nato tri in jih ravno tako prepusti ob\u010dinstvu, kot tudi naslednje posamezne, dokler ne razdeli vseh obro\u010dev, da se lahko gledalci prepri\u010dajo, da obro\u010di niso nikjer po\u010deni (odprti). Nato pobere obro\u010de spet skupaj in dela z njimi razne figure, na koncu pa jih spravi vse na enega... To je eden najbolj prepri\u010dljivih \u010darobnih trikov! Premer obro\u010dev: 25 cm... Material: nerjave\u010de jeklo.<\/p>","protected":false},"featured_media":573,"comment_status":"closed","ping_status":"closed","template":"","meta":{"_kad_post_transparent":"default","_kad_post_title":"","_kad_post_layout":"default","_kad_post_sidebar_id":"","_kad_post_content_style":"default","_kad_post_vertical_padding":"default","_kad_post_feature":"","_kad_post_feature_position":"","_kad_post_header":false,"_kad_post_footer":false,"_kad_post_classname":""},"product_brand":[],"product_cat":[27,29,39,22],"product_tag":[],"class_list":{"0":"post-445","1":"product","2":"type-product","3":"status-publish","4":"has-post-thumbnail","6":"product_cat-magicshop-produkti","7":"product_cat-novosti","8":"product_cat-salon","9":"product_cat-oder","11":"first","12":"instock","13":"shipping-taxable","14":"purchasable","15":"product-type-simple","16":"entry","17":"content-bg","18":"loop-entry"},"_links":{"self":[{"href":"https:\/\/magicshop.pro\/sl\/wp-json\/wp\/v2\/product\/445","targetHints":{"allow":["GET"]}}],"collection":[{"href":"https:\/\/magicshop.pro\/sl\/wp-json\/wp\/v2\/product"}],"about":[{"href":"https:\/\/magicshop.pro\/sl\/wp-json\/wp\/v2\/types\/product"}],"replies":[{"embeddable":true,"href":"https:\/\/magicshop.pro\/sl\/wp-json\/wp\/v2\/comments?post=445"}],"wp:featuredmedia":[{"embeddable":true,"href":"https:\/\/magicshop.pro\/sl\/wp-json\/wp\/v2\/media\/573"}],"wp:attachment":[{"href":"https:\/\/magicshop.pro\/sl\/wp-json\/wp\/v2\/media?parent=445"}],"wp:term":[{"taxonomy":"product_brand","embeddable":true,"href":"https:\/\/magicshop.pro\/sl\/wp-json\/wp\/v2\/product_brand?post=445"},{"taxonomy":"product_cat","embeddable":true,"href":"https:\/\/magicshop.pro\/sl\/wp-json\/wp\/v2\/product_cat?post=445"},{"taxonomy":"product_tag","embeddable":true,"href":"https:\/\/magicshop.pro\/sl\/wp-json\/wp\/v2\/product_tag?post=445"}],"curies":[{"name":"wp","href":"https:\/\/api.w.org\/{rel}","templated":true}]}}