{"id":446,"date":"2024-03-27T17:43:09","date_gmt":"2024-03-27T17:43:09","guid":{"rendered":"http:\/\/magicshop.pro\/?post_type=product&#038;p=446"},"modified":"2024-07-10T10:26:33","modified_gmt":"2024-07-10T10:26:33","slug":"kitajski-sneg","status":"publish","type":"product","link":"https:\/\/magicshop.pro\/sl\/izdelek\/kitajski-sneg\/","title":{"rendered":"Kitajski Sneg"},"content":{"rendered":"<p>Kitajski sneg - \u010carovnik raztrga bel papir, ga namo\u010di v kozarec vode, nato pa ga \"poisku\u0161a\" posu\u0161iti s pahlja\u010do; mokri papir se v trenutku spremeni v polno drobnih konfetov, ki ple\u0161ejo okoli \u010carovnika, gledalec ima ob\u010dutek, da zares sne\u017ei. V kompletu material za 12 kratno izvedbo. Zahtevnost trika: srednja**.<\/p>\n<p><iframe loading=\"lazy\" src=\"https:\/\/www.youtube.com\/embed\/IABiPO6mNc4\" width=\"640\" height=\"420\"><\/p>\n<p><\/iframe><\/p>","protected":false},"excerpt":{"rendered":"<p>Kitajski sneg - \u010carovnik raztrga bel papir, ga namo\u010di v kozarec vode, nato pa ga \"poisku\u0161a\" posu\u0161iti s pahlja\u010do; mokri papir se v trenutku spremeni v polno drobnih konfetov, ki ple\u0161ejo okoli \u010carovnika, gledalec ima ob\u010dutek, da zares sne\u017ei. V kompletu material za 12 kratno izvedbo. Zahtevnost trika: srednja**.<\/p>","protected":false},"featured_media":674,"comment_status":"closed","ping_status":"closed","template":"","meta":{"_kad_post_transparent":"default","_kad_post_title":"","_kad_post_layout":"default","_kad_post_sidebar_id":"","_kad_post_content_style":"default","_kad_post_vertical_padding":"default","_kad_post_feature":"","_kad_post_feature_position":"","_kad_post_header":false,"_kad_post_footer":false},"product_cat":[38,39,22,32],"product_tag":[],"class_list":{"0":"post-446","1":"product","2":"type-product","3":"status-publish","4":"has-post-thumbnail","6":"product_cat-pripomocki","7":"product_cat-salon","8":"product_cat-oder","9":"product_cat-ostalo","11":"first","12":"instock","13":"shipping-taxable","14":"purchasable","15":"product-type-simple","16":"entry","17":"content-bg","18":"loop-entry"},"_links":{"self":[{"href":"https:\/\/magicshop.pro\/sl\/wp-json\/wp\/v2\/product\/446"}],"collection":[{"href":"https:\/\/magicshop.pro\/sl\/wp-json\/wp\/v2\/product"}],"about":[{"href":"https:\/\/magicshop.pro\/sl\/wp-json\/wp\/v2\/types\/product"}],"replies":[{"embeddable":true,"href":"https:\/\/magicshop.pro\/sl\/wp-json\/wp\/v2\/comments?post=446"}],"wp:featuredmedia":[{"embeddable":true,"href":"https:\/\/magicshop.pro\/sl\/wp-json\/wp\/v2\/media\/674"}],"wp:attachment":[{"href":"https:\/\/magicshop.pro\/sl\/wp-json\/wp\/v2\/media?parent=446"}],"wp:term":[{"taxonomy":"product_cat","embeddable":true,"href":"https:\/\/magicshop.pro\/sl\/wp-json\/wp\/v2\/product_cat?post=446"},{"taxonomy":"product_tag","embeddable":true,"href":"https:\/\/magicshop.pro\/sl\/wp-json\/wp\/v2\/product_tag?post=446"}],"curies":[{"name":"wp","href":"https:\/\/api.w.org\/{rel}","templated":true}]}}