{"id":454,"date":"2024-03-27T17:43:09","date_gmt":"2024-03-27T17:43:09","guid":{"rendered":"http:\/\/magicshop.pro\/?post_type=product&#038;p=454"},"modified":"2024-07-10T10:26:34","modified_gmt":"2024-07-10T10:26:34","slug":"slush","status":"publish","type":"product","link":"https:\/\/magicshop.pro\/sl\/izdelek\/slush\/","title":{"rendered":"Slush"},"content":{"rendered":"<p>Pripomo\u010dek za izginotje teko\u010dine... Koli\u010dina v plastenki: 200 ccm<\/p>","protected":false},"excerpt":{"rendered":"<p>Pripomo\u010dek za izginotje teko\u010dine... Koli\u010dina v plastenki: 200 ccm<\/p>","protected":false},"featured_media":671,"comment_status":"closed","ping_status":"closed","template":"","meta":{"_kad_post_transparent":"","_kad_post_title":"","_kad_post_layout":"","_kad_post_sidebar_id":"","_kad_post_content_style":"","_kad_post_vertical_padding":"","_kad_post_feature":"","_kad_post_feature_position":"","_kad_post_header":false,"_kad_post_footer":false},"product_cat":[38,39,22,32],"product_tag":[],"class_list":{"0":"post-454","1":"product","2":"type-product","3":"status-publish","4":"has-post-thumbnail","6":"product_cat-pripomocki","7":"product_cat-salon","8":"product_cat-oder","9":"product_cat-ostalo","11":"first","12":"instock","13":"shipping-taxable","14":"purchasable","15":"product-type-simple","16":"entry","17":"content-bg","18":"loop-entry"},"_links":{"self":[{"href":"https:\/\/magicshop.pro\/sl\/wp-json\/wp\/v2\/product\/454"}],"collection":[{"href":"https:\/\/magicshop.pro\/sl\/wp-json\/wp\/v2\/product"}],"about":[{"href":"https:\/\/magicshop.pro\/sl\/wp-json\/wp\/v2\/types\/product"}],"replies":[{"embeddable":true,"href":"https:\/\/magicshop.pro\/sl\/wp-json\/wp\/v2\/comments?post=454"}],"wp:featuredmedia":[{"embeddable":true,"href":"https:\/\/magicshop.pro\/sl\/wp-json\/wp\/v2\/media\/671"}],"wp:attachment":[{"href":"https:\/\/magicshop.pro\/sl\/wp-json\/wp\/v2\/media?parent=454"}],"wp:term":[{"taxonomy":"product_cat","embeddable":true,"href":"https:\/\/magicshop.pro\/sl\/wp-json\/wp\/v2\/product_cat?post=454"},{"taxonomy":"product_tag","embeddable":true,"href":"https:\/\/magicshop.pro\/sl\/wp-json\/wp\/v2\/product_tag?post=454"}],"curies":[{"name":"wp","href":"https:\/\/api.w.org\/{rel}","templated":true}]}}