{"id":460,"date":"2024-03-27T17:43:10","date_gmt":"2024-03-27T17:43:10","guid":{"rendered":"http:\/\/magicshop.pro\/?post_type=product&#038;p=460"},"modified":"2024-07-10T14:08:23","modified_gmt":"2024-07-10T14:08:23","slug":"svenpad","status":"publish","type":"product","link":"https:\/\/magicshop.pro\/sl\/izdelek\/svenpad\/","title":{"rendered":"Svenpad"},"content":{"rendered":"<p>Odli\u010den in idealen pripomo\u010dek za forsiranje, posebno namenjeno mentalistom! Z majhno bele\u017enico v \u017eepu naredi znani ameri\u0161ki mentalist Brett Barry fantasti\u010dne efekte. Karkoli in kadarkoli lahko forsirate gledalcu (ime, karto, stavek, dr\u017eavo, \u0161tevilko, \u010drko)... Karkoli pa\u010d potrebujete. Zahtevnost trika: * (minimalna).<\/p>","protected":false},"excerpt":{"rendered":"<p>Odli\u010den in idealen pripomo\u010dek za forsiranje, posebno namenjeno mentalistom! Z majhno bele\u017enico v \u017eepu naredi znani ameri\u0161ki mentalist Brett Barry fantasti\u010dne efekte. Karkoli in kadarkoli lahko forsirate gledalcu (ime, karto, stavek, dr\u017eavo, \u0161tevilko, \u010drko)... Karkoli pa\u010d potrebujete. Zahtevnost trika: * (minimalna).<\/p>","protected":false},"featured_media":696,"comment_status":"closed","ping_status":"closed","template":"","meta":{"_kad_post_transparent":"default","_kad_post_title":"","_kad_post_layout":"default","_kad_post_sidebar_id":"","_kad_post_content_style":"default","_kad_post_vertical_padding":"default","_kad_post_feature":"","_kad_post_feature_position":"","_kad_post_header":false,"_kad_post_footer":false},"product_cat":[21,39],"product_tag":[],"class_list":{"0":"post-460","1":"product","2":"type-product","3":"status-publish","4":"has-post-thumbnail","6":"product_cat-mikromagija","7":"product_cat-salon","9":"first","10":"instock","11":"shipping-taxable","12":"purchasable","13":"product-type-simple","14":"entry","15":"content-bg","16":"loop-entry"},"_links":{"self":[{"href":"https:\/\/magicshop.pro\/sl\/wp-json\/wp\/v2\/product\/460"}],"collection":[{"href":"https:\/\/magicshop.pro\/sl\/wp-json\/wp\/v2\/product"}],"about":[{"href":"https:\/\/magicshop.pro\/sl\/wp-json\/wp\/v2\/types\/product"}],"replies":[{"embeddable":true,"href":"https:\/\/magicshop.pro\/sl\/wp-json\/wp\/v2\/comments?post=460"}],"wp:featuredmedia":[{"embeddable":true,"href":"https:\/\/magicshop.pro\/sl\/wp-json\/wp\/v2\/media\/696"}],"wp:attachment":[{"href":"https:\/\/magicshop.pro\/sl\/wp-json\/wp\/v2\/media?parent=460"}],"wp:term":[{"taxonomy":"product_cat","embeddable":true,"href":"https:\/\/magicshop.pro\/sl\/wp-json\/wp\/v2\/product_cat?post=460"},{"taxonomy":"product_tag","embeddable":true,"href":"https:\/\/magicshop.pro\/sl\/wp-json\/wp\/v2\/product_tag?post=460"}],"curies":[{"name":"wp","href":"https:\/\/api.w.org\/{rel}","templated":true}]}}