{"id":465,"date":"2024-03-27T17:43:10","date_gmt":"2024-03-27T17:43:10","guid":{"rendered":"http:\/\/magicshop.pro\/?post_type=product&#038;p=465"},"modified":"2024-07-10T10:26:34","modified_gmt":"2024-07-10T10:26:34","slug":"double-vision-illusion","status":"publish","type":"product","link":"https:\/\/magicshop.pro\/sl\/izdelek\/double-vision-illusion\/","title":{"rendered":"Iluzija Dvojne Vizije"},"content":{"rendered":"<p>Poznana in izredno priljubljena iluzija (razkosana in ponovno sestavljena asistentka) sedaj \u0161e bolj prakticna, izredno lahka (specialni les!), in celo zlo\u017eljiva! Kompletno omaro lahko zlo\u017eite in transportirate v prtlja\u017eniku osebnega avtomobila!!! Sestavite jo (sami) v 5 minutah!!!<\/p>\n<p><iframe loading=\"lazy\" src=\"https:\/\/www.youtube.com\/embed\/yEZrYwPa8R0\" width=\"640\" height=\"420\"><\/p>\n<p><\/iframe><\/p>","protected":false},"excerpt":{"rendered":"<p>Poznana in izredno priljubljena iluzija (razkosana in ponovno sestavljena asistentka) sedaj \u0161e bolj prakticna, izredno lahka (specialni les!), in celo zlo\u017eljiva! Kompletno omaro lahko zlo\u017eite in transportirate v prtlja\u017eniku osebnega avtomobila!!! Sestavite jo (sami) v 5 minutah!!!<\/p>","protected":false},"featured_media":577,"comment_status":"closed","ping_status":"closed","template":"","meta":{"_kad_post_transparent":"default","_kad_post_title":"","_kad_post_layout":"default","_kad_post_sidebar_id":"","_kad_post_content_style":"default","_kad_post_vertical_padding":"default","_kad_post_feature":"","_kad_post_feature_position":"","_kad_post_header":false,"_kad_post_footer":false},"product_cat":[39,22],"product_tag":[],"class_list":{"0":"post-465","1":"product","2":"type-product","3":"status-publish","4":"has-post-thumbnail","6":"product_cat-salon","7":"product_cat-oder","9":"first","10":"instock","11":"shipping-taxable","12":"purchasable","13":"product-type-simple","14":"entry","15":"content-bg","16":"loop-entry"},"_links":{"self":[{"href":"https:\/\/magicshop.pro\/sl\/wp-json\/wp\/v2\/product\/465"}],"collection":[{"href":"https:\/\/magicshop.pro\/sl\/wp-json\/wp\/v2\/product"}],"about":[{"href":"https:\/\/magicshop.pro\/sl\/wp-json\/wp\/v2\/types\/product"}],"replies":[{"embeddable":true,"href":"https:\/\/magicshop.pro\/sl\/wp-json\/wp\/v2\/comments?post=465"}],"wp:featuredmedia":[{"embeddable":true,"href":"https:\/\/magicshop.pro\/sl\/wp-json\/wp\/v2\/media\/577"}],"wp:attachment":[{"href":"https:\/\/magicshop.pro\/sl\/wp-json\/wp\/v2\/media?parent=465"}],"wp:term":[{"taxonomy":"product_cat","embeddable":true,"href":"https:\/\/magicshop.pro\/sl\/wp-json\/wp\/v2\/product_cat?post=465"},{"taxonomy":"product_tag","embeddable":true,"href":"https:\/\/magicshop.pro\/sl\/wp-json\/wp\/v2\/product_tag?post=465"}],"curies":[{"name":"wp","href":"https:\/\/api.w.org\/{rel}","templated":true}]}}