{"id":466,"date":"2024-03-27T17:43:10","date_gmt":"2024-03-27T17:43:10","guid":{"rendered":"http:\/\/magicshop.pro\/?post_type=product&#038;p=466"},"modified":"2025-06-20T09:14:55","modified_gmt":"2025-06-20T08:14:55","slug":"levitacija-zw-chair-suspension","status":"publish","type":"product","link":"https:\/\/magicshop.pro\/sl\/izdelek\/levitacija-zw-chair-suspension\/","title":{"rendered":"Levitacija ZW (Chair suspension)"},"content":{"rendered":"<p>The new ZW model has some excellent improvements. Among other things, you can use an assistant from the audience, which is much more attractive and convincing. You place two garden chairs opposite each other, place a wooden ladder over the backrests, and over it (previously rolled up!!!) a velvet cover. The assistant lies on it, and you wrap her in it. Then you first remove the ladder, and then one chair&#8230; Load capacity up to 70 kg. Set weight: 40 kg&#8230; Check the video:<\/p>\n<p><iframe loading=\"lazy\" src=\"https:\/\/www.youtube.com\/embed\/Wv8U3SHMkDc\" width=\"640\" height=\"420\">&nbsp;<\/p>\n<p><\/iframe><\/p>","protected":false},"excerpt":{"rendered":"<p>Novi model ZW ima nekaj odli\u010dnih izbolj\u0161av. Med drugim lahko uporabite asistentko kar iz ob\u010dinstva, kar je \u0161e mnogo atraktivnej\u0161e in prepri\u010dljivej\u0161e. Dva vrtna stola postavite drugega proti drugemu, preko naslonjal polo\u017eite leseno lestev, preko nje pa (prej zvito v klob\u010di\u010d!!!) \u017eametno pregrinjalo. Nanj le\u017ee asistentka, ki jo vanj zavijete. Nato najprej umaknete - izvle\u010dete lestev, potem pa \u0161e en stol... Nosilnost do 70 kg. Te\u017ea kompleta: 40 kg.<\/p>","protected":false},"featured_media":564,"comment_status":"closed","ping_status":"closed","template":"","meta":{"_kad_post_transparent":"default","_kad_post_title":"","_kad_post_layout":"default","_kad_post_sidebar_id":"","_kad_post_content_style":"default","_kad_post_vertical_padding":"default","_kad_post_feature":"","_kad_post_feature_position":"","_kad_post_header":false,"_kad_post_footer":false,"_kad_post_classname":""},"product_brand":[],"product_cat":[27,29,39,22],"product_tag":[],"class_list":{"0":"post-466","1":"product","2":"type-product","3":"status-publish","4":"has-post-thumbnail","6":"product_cat-magicshop-produkti","7":"product_cat-novosti","8":"product_cat-salon","9":"product_cat-oder","11":"first","12":"instock","13":"shipping-taxable","14":"purchasable","15":"product-type-simple","16":"entry","17":"content-bg","18":"loop-entry"},"_links":{"self":[{"href":"https:\/\/magicshop.pro\/sl\/wp-json\/wp\/v2\/product\/466","targetHints":{"allow":["GET"]}}],"collection":[{"href":"https:\/\/magicshop.pro\/sl\/wp-json\/wp\/v2\/product"}],"about":[{"href":"https:\/\/magicshop.pro\/sl\/wp-json\/wp\/v2\/types\/product"}],"replies":[{"embeddable":true,"href":"https:\/\/magicshop.pro\/sl\/wp-json\/wp\/v2\/comments?post=466"}],"wp:featuredmedia":[{"embeddable":true,"href":"https:\/\/magicshop.pro\/sl\/wp-json\/wp\/v2\/media\/564"}],"wp:attachment":[{"href":"https:\/\/magicshop.pro\/sl\/wp-json\/wp\/v2\/media?parent=466"}],"wp:term":[{"taxonomy":"product_brand","embeddable":true,"href":"https:\/\/magicshop.pro\/sl\/wp-json\/wp\/v2\/product_brand?post=466"},{"taxonomy":"product_cat","embeddable":true,"href":"https:\/\/magicshop.pro\/sl\/wp-json\/wp\/v2\/product_cat?post=466"},{"taxonomy":"product_tag","embeddable":true,"href":"https:\/\/magicshop.pro\/sl\/wp-json\/wp\/v2\/product_tag?post=466"}],"curies":[{"name":"wp","href":"https:\/\/api.w.org\/{rel}","templated":true}]}}