{"id":467,"date":"2024-03-27T17:43:10","date_gmt":"2024-03-27T17:43:10","guid":{"rendered":"http:\/\/magicshop.pro\/?post_type=product&#038;p=467"},"modified":"2024-11-02T16:56:05","modified_gmt":"2024-11-02T15:56:05","slug":"wladimirjev-seminar-20-21","status":"publish","type":"product","link":"https:\/\/magicshop.pro\/sl\/izdelek\/wladimirjev-seminar-20-21\/","title":{"rendered":"Wladimirjev seminar 20\/21"},"content":{"rendered":"<p>Seminarski zvezek formata A4 na 32 straneh opisuje trike za za\u010detnika ali profesionalca. Vklju\u010dno z 90 minutnim videom.  Jezik: slovensko - nem\u0161ki  ali francosko - angle\u0161ki  Vsebina seminarja:  -Hypno Yebiwetter -Trica by Wladimir -Jumbo Trica -Krogli\u010dna veri\u017eica -Univerzalni gimmick za lebdenje -Invazija zvoka<\/p>","protected":false},"excerpt":{"rendered":"<p>Seminarski zvezek formata A4 na 32 straneh opisuje trike za za\u010detnika ali profesionalca. Vklju\u010dno z 90 minutnim videom.  Jezik: slovensko - nem\u0161ki  ali francosko - angle\u0161ki  Vsebina seminarja:  -Hypno Yebiwetter -Trica by Wladimir -Jumbo Trica -Krogli\u010dna veri\u017eica -Univerzalni gimmick za lebdenje -Invazija zvoka<\/p>","protected":false},"featured_media":669,"comment_status":"closed","ping_status":"closed","template":"","meta":{"_kad_post_transparent":"default","_kad_post_title":"","_kad_post_layout":"default","_kad_post_sidebar_id":"","_kad_post_content_style":"default","_kad_post_vertical_padding":"default","_kad_post_feature":"","_kad_post_feature_position":"","_kad_post_header":false,"_kad_post_footer":false},"product_cat":[21,39,22],"product_tag":[],"class_list":{"0":"post-467","1":"product","2":"type-product","3":"status-publish","4":"has-post-thumbnail","6":"product_cat-mikromagija","7":"product_cat-salon","8":"product_cat-oder","10":"first","11":"instock","12":"shipping-taxable","13":"purchasable","14":"product-type-simple","15":"entry","16":"content-bg","17":"loop-entry"},"_links":{"self":[{"href":"https:\/\/magicshop.pro\/sl\/wp-json\/wp\/v2\/product\/467"}],"collection":[{"href":"https:\/\/magicshop.pro\/sl\/wp-json\/wp\/v2\/product"}],"about":[{"href":"https:\/\/magicshop.pro\/sl\/wp-json\/wp\/v2\/types\/product"}],"replies":[{"embeddable":true,"href":"https:\/\/magicshop.pro\/sl\/wp-json\/wp\/v2\/comments?post=467"}],"wp:featuredmedia":[{"embeddable":true,"href":"https:\/\/magicshop.pro\/sl\/wp-json\/wp\/v2\/media\/669"}],"wp:attachment":[{"href":"https:\/\/magicshop.pro\/sl\/wp-json\/wp\/v2\/media?parent=467"}],"wp:term":[{"taxonomy":"product_cat","embeddable":true,"href":"https:\/\/magicshop.pro\/sl\/wp-json\/wp\/v2\/product_cat?post=467"},{"taxonomy":"product_tag","embeddable":true,"href":"https:\/\/magicshop.pro\/sl\/wp-json\/wp\/v2\/product_tag?post=467"}],"curies":[{"name":"wp","href":"https:\/\/api.w.org\/{rel}","templated":true}]}}