{"id":483,"date":"2024-03-27T17:43:14","date_gmt":"2024-03-27T17:43:14","guid":{"rendered":"http:\/\/magicshop.pro\/?post_type=product&#038;p=483"},"modified":"2024-11-09T19:31:07","modified_gmt":"2024-11-09T18:31:07","slug":"magnet-supermocan-valj","status":"publish","type":"product","link":"https:\/\/magicshop.pro\/sl\/izdelek\/magnet-supermocan-valj\/","title":{"rendered":"Magnet Supermo\u010dan valj"},"content":{"rendered":"<p>Magnet Supermo\u010dan valj razli\u010dnih velikosti, slika kovanca je dodana samo za primerjavo velikosti!<\/p>","protected":false},"excerpt":{"rendered":"<p>Magnet Supermo\u010dan valj razli\u010dnih velikosti, slika kovanca je dodana samo za primerjavo velikosti!<\/p>","protected":false},"featured_media":637,"comment_status":"closed","ping_status":"closed","template":"","meta":{"_kad_post_transparent":"default","_kad_post_title":"","_kad_post_layout":"default","_kad_post_sidebar_id":"","_kad_post_content_style":"default","_kad_post_vertical_padding":"default","_kad_post_feature":"","_kad_post_feature_position":"","_kad_post_header":false,"_kad_post_footer":false},"product_cat":[38,32],"product_tag":[],"class_list":{"0":"post-483","1":"product","2":"type-product","3":"status-publish","4":"has-post-thumbnail","6":"product_cat-pripomocki","7":"product_cat-ostalo","9":"first","10":"instock","11":"shipping-taxable","12":"purchasable","13":"product-type-variable","14":"entry","15":"content-bg","16":"loop-entry"},"_links":{"self":[{"href":"https:\/\/magicshop.pro\/sl\/wp-json\/wp\/v2\/product\/483"}],"collection":[{"href":"https:\/\/magicshop.pro\/sl\/wp-json\/wp\/v2\/product"}],"about":[{"href":"https:\/\/magicshop.pro\/sl\/wp-json\/wp\/v2\/types\/product"}],"replies":[{"embeddable":true,"href":"https:\/\/magicshop.pro\/sl\/wp-json\/wp\/v2\/comments?post=483"}],"wp:featuredmedia":[{"embeddable":true,"href":"https:\/\/magicshop.pro\/sl\/wp-json\/wp\/v2\/media\/637"}],"wp:attachment":[{"href":"https:\/\/magicshop.pro\/sl\/wp-json\/wp\/v2\/media?parent=483"}],"wp:term":[{"taxonomy":"product_cat","embeddable":true,"href":"https:\/\/magicshop.pro\/sl\/wp-json\/wp\/v2\/product_cat?post=483"},{"taxonomy":"product_tag","embeddable":true,"href":"https:\/\/magicshop.pro\/sl\/wp-json\/wp\/v2\/product_tag?post=483"}],"curies":[{"name":"wp","href":"https:\/\/api.w.org\/{rel}","templated":true}]}}