{"id":490,"date":"2024-03-27T17:43:14","date_gmt":"2024-03-27T17:43:14","guid":{"rendered":"http:\/\/magicshop.pro\/?post_type=product&#038;p=490"},"modified":"2026-01-09T13:19:20","modified_gmt":"2026-01-09T12:19:20","slug":"instantpano-maxi","status":"publish","type":"product","link":"https:\/\/magicshop.pro\/sl\/izdelek\/instantpano-maxi\/","title":{"rendered":"Instantpano Maxi"},"content":{"rendered":"<p>V kompletu boste dobili: Ogrodje, zaveso in torbo za Instantpano. Zavesa je sestavljena iz dveh delov. Sprednji del, ki ga vidi publika je narejen iz pli\u0161a, ki se ne me\u010dka in daje Instantpanoju obliko, eleganco in profesionalnost. Drugi del je narejen iz podloge in je namenjen zmanj\u0161evanju prosojnosti blaga, v primeru, da je za Instanpanojem vir svetlobe. Oba dela sta na zgornji strani se\u0161ita v enotno zaveso. Ogrodje Instantpanoja je izredno lahko in ne rjavi, saj je izdelano iz eloksiranega aluminija in plasti\u010dnih spojev. Za postavitev ne potrebujete nobenega orodja in je postavljen v manj kot 30 sekundah. Postavljen Instantpano je polkro\u017ene oblike, kar mu daje lep\u0161i vizualni u\u010dinek in bolj\u0161o stabilnost. Dovr\u0161ena izdelava omogo\u010da, da ogrodje in zaveso pospravite v torbo velikosti: dol\u017eina 76 cm x \u0161irina 20 cm x vi\u0161ina 30 cm. Zato je tudi transport izredno enostaven. Ogrodje Maxi tehta pribli\u017eno 5,6 kg. Ko je ogrodje postavljeno je \u0161iroko 350 cm in visoko 210 cm. Jam\u010dimo vam 2 leti garancije. Nudimo vam tudi servis in menjavo posameznih elementov.<\/p>","protected":false},"excerpt":{"rendered":"<p>V kompletu boste dobili ogrodje, zaveso in torbo za Instantpano, pri \u010demer je zavesa iz pli\u0161a in podloge za zmanj\u0161evanje prosojnosti, ogrodje pa iz eloksiranega aluminija, ki omogo\u010da enostavno postavitev brez orodja v manj kot 30 sekundah. Postavljen Instantpano je polkro\u017ene oblike, \u0161irok 350 cm in visok 210 cm, komplet tehta pribli\u017eno 5,6 kg, omogo\u010da enostaven transport, ima 2 leti garancije ter vklju\u010duje servis in menjavo posameznih elementov.<\/p>","protected":false},"featured_media":609,"comment_status":"closed","ping_status":"closed","template":"","meta":{"_kad_post_transparent":"default","_kad_post_title":"","_kad_post_layout":"default","_kad_post_sidebar_id":"","_kad_post_content_style":"default","_kad_post_vertical_padding":"default","_kad_post_feature":"","_kad_post_feature_position":"","_kad_post_header":false,"_kad_post_footer":false},"product_cat":[41,32],"product_tag":[],"class_list":{"0":"post-490","1":"product","2":"type-product","3":"status-publish","4":"has-post-thumbnail","6":"product_cat-zaodrje-instantpano","7":"product_cat-ostalo","9":"first","10":"instock","11":"shipping-taxable","12":"purchasable","13":"product-type-variable","14":"entry","15":"content-bg","16":"loop-entry"},"_links":{"self":[{"href":"https:\/\/magicshop.pro\/sl\/wp-json\/wp\/v2\/product\/490"}],"collection":[{"href":"https:\/\/magicshop.pro\/sl\/wp-json\/wp\/v2\/product"}],"about":[{"href":"https:\/\/magicshop.pro\/sl\/wp-json\/wp\/v2\/types\/product"}],"replies":[{"embeddable":true,"href":"https:\/\/magicshop.pro\/sl\/wp-json\/wp\/v2\/comments?post=490"}],"wp:featuredmedia":[{"embeddable":true,"href":"https:\/\/magicshop.pro\/sl\/wp-json\/wp\/v2\/media\/609"}],"wp:attachment":[{"href":"https:\/\/magicshop.pro\/sl\/wp-json\/wp\/v2\/media?parent=490"}],"wp:term":[{"taxonomy":"product_cat","embeddable":true,"href":"https:\/\/magicshop.pro\/sl\/wp-json\/wp\/v2\/product_cat?post=490"},{"taxonomy":"product_tag","embeddable":true,"href":"https:\/\/magicshop.pro\/sl\/wp-json\/wp\/v2\/product_tag?post=490"}],"curies":[{"name":"wp","href":"https:\/\/api.w.org\/{rel}","templated":true}]}}